{"id":1395,"date":"2021-06-16T15:55:53","date_gmt":"2021-06-16T13:55:53","guid":{"rendered":"http:\/\/senergy.fr\/WP\/?page_id=1395"},"modified":"2023-03-20T17:57:35","modified_gmt":"2023-03-20T16:57:35","slug":"mentions-legales","status":"publish","type":"page","link":"http:\/\/senergy.fr\/WP\/mentions-legales\/","title":{"rendered":"Mentions l\u00e9gales"},"content":{"rendered":"\n<p style=\"font-size:14px\">Le pr\u00e9sent site est la propri\u00e9t\u00e9 de la SASU Senergy,<br>\u00e9tablissement situ\u00e9 6 rue Capitaine Georges Madon, ZAC Croix-Blandin, 51100 REIMS<\/p>\n\n\n\n<p>Nom du site :&nbsp;<strong>www.senergy.fr<\/strong><br>Directeur de la publication : Messieurs David Vallery et Jean-Pierre Bouscatel<br>Adresse : 6 rue Capitaine Georges Madon, 51100 REIMS<br>T\u00e9l : 03 26 79 00 50<br>Siret 95045970100088<br>Capital social : 84 000 \u20ac<br>Num\u00e9ro TVA intracommunautaire FR95950459701<\/p>\n\n\n\n<p>H\u00e9bergement :<br>OVH<br>SAS au capital de 10 069 020 \u20ac<br>RCS Lille M\u00e9tropole 424 761 419 00045<br>Code APE 2620Z<br>N\u00b0 TVA : FR 22 424 761 419<br>Si\u00e8ge social : 2 rue Kellermann \u2013 59100 Roubaix \u2013 France<\/p>\n\n\n\n<p>R\u00e9alisation : Yan Info Services<br>9 all\u00e9e du Champ Dor\u00e9, 51450 BETHENY<br>44771322300033 &#8211; code APE : 9511Z<br>N\u00b0 de TVA : FR81447713223<\/p>\n\n\n\n<p>Toute repr\u00e9sentation totale ou partielle de ce site par quelque proc\u00e9d\u00e9 que ce soit, sans l\u2019autorisation expresse de l\u2019exploitant du site Internet est interdite et constituerait une contrefa\u00e7on sanctionn\u00e9e par les articles L 335-2 et suivants du Code de la propri\u00e9t\u00e9 intellectuelle.<br>Les marques de l\u2019exploitant du site Internet et de ses partenaires, ainsi que les logos figurant sur le site sont des marques (semi figuratives ou non) d\u00e9pos\u00e9es.<br>Les utilisateurs visiteurs du site Internet ne peuvent mettre en place un hyperlien en direction de ces sites sans l\u2019autorisation expresse et pr\u00e9alable de l\u2019exploitant du site Internet.<\/p>\n","protected":false},"excerpt":{"rendered":"<p>Le pr\u00e9sent site est la propri\u00e9t\u00e9 de la SASU Senergy,\u00e9tablissement situ\u00e9 6 rue Capitaine Georges Madon, ZAC Croix-Blandin, 51100 REIMS Nom du site :&nbsp;www.senergy.frDirecteur de&hellip;<\/p>\n","protected":false},"author":1,"featured_media":0,"parent":0,"menu_order":0,"comment_status":"closed","ping_status":"closed","template":"","meta":[],"_links":{"self":[{"href":"http:\/\/senergy.fr\/WP\/wp-json\/wp\/v2\/pages\/1395"}],"collection":[{"href":"http:\/\/senergy.fr\/WP\/wp-json\/wp\/v2\/pages"}],"about":[{"href":"http:\/\/senergy.fr\/WP\/wp-json\/wp\/v2\/types\/page"}],"author":[{"embeddable":true,"href":"http:\/\/senergy.fr\/WP\/wp-json\/wp\/v2\/users\/1"}],"replies":[{"embeddable":true,"href":"http:\/\/senergy.fr\/WP\/wp-json\/wp\/v2\/comments?post=1395"}],"version-history":[{"count":2,"href":"http:\/\/senergy.fr\/WP\/wp-json\/wp\/v2\/pages\/1395\/revisions"}],"predecessor-version":[{"id":2180,"href":"http:\/\/senergy.fr\/WP\/wp-json\/wp\/v2\/pages\/1395\/revisions\/2180"}],"wp:attachment":[{"href":"http:\/\/senergy.fr\/WP\/wp-json\/wp\/v2\/media?parent=1395"}],"curies":[{"name":"wp","href":"https:\/\/api.w.org\/{rel}","templated":true}]}}