{"id":15,"date":"2020-04-23T11:30:05","date_gmt":"2020-04-23T09:30:05","guid":{"rendered":"http:\/\/senergy.fr\/WP\/?page_id=15"},"modified":"2023-09-08T12:09:57","modified_gmt":"2023-09-08T10:09:57","slug":"hydraulique","status":"publish","type":"page","link":"http:\/\/senergy.fr\/WP\/hydraulique\/","title":{"rendered":"Hydraulique"},"content":{"rendered":"<div class=\"wp-block-image\">\n<figure class=\"alignright size-large is-resized\"><img decoding=\"async\" loading=\"lazy\" src=\"http:\/\/senergy.fr\/WP\/wp-content\/uploads\/2021\/06\/Dinamic-Oil_Drilling-983x1024.jpg\" alt=\"\" class=\"wp-image-844\" width=\"279\" height=\"291\" srcset=\"http:\/\/senergy.fr\/WP\/wp-content\/uploads\/2021\/06\/Dinamic-Oil_Drilling-983x1024.jpg 983w, http:\/\/senergy.fr\/WP\/wp-content\/uploads\/2021\/06\/Dinamic-Oil_Drilling-288x300.jpg 288w, http:\/\/senergy.fr\/WP\/wp-content\/uploads\/2021\/06\/Dinamic-Oil_Drilling-768x800.jpg 768w, http:\/\/senergy.fr\/WP\/wp-content\/uploads\/2021\/06\/Dinamic-Oil_Drilling-1474x1536.jpg 1474w, http:\/\/senergy.fr\/WP\/wp-content\/uploads\/2021\/06\/Dinamic-Oil_Drilling-1966x2048.jpg 1966w\" sizes=\"(max-width: 279px) 100vw, 279px\" \/><\/figure><\/div>\n\n\n<p style=\"font-size:14px\">SENERGY, de part son exp\u00e9rience de plus de trente ans, est sp\u00e9cialis\u00e9e dans toute une gamme de produits hydrauliques (Treuils, R\u00e9ducteurs, Moteurs, Centrales, Electrovalves, Valves, etc&#8230;). <\/p>\n\n\n\n<p style=\"font-size:14px\">Les principaux composants hydrauliques sont les suivants :<\/p>\n\n\n\n<p style=\"font-size:14px\"><strong><span style=\"text-decoration: underline;\">Treuils:<\/span><\/strong><br>    \u2022 <a href=\"http:\/\/senergy.fr\/WP\/treuils-hydrauliques-de-levage\/\" data-type=\"page\" data-id=\"569\"><strong>Treuils hydrauliques de levage<\/strong><\/a><br>    \u2022 <a href=\"http:\/\/senergy.fr\/WP\/autres-treuils\/\"><strong>Treuils hydrauliques de halage et treuils \u00e9lectriques pour grue \u00e0 tour<\/strong><\/a><br>    \u2022 <a href=\"http:\/\/senergy.fr\/WP\/reducteurs\/\" data-type=\"page\" data-id=\"386\"><strong>R\u00e9ducteurs plan\u00e9taires pour treuils sur mesure<\/strong><\/a><\/p>\n\n\n\n<p style=\"font-size:14px\"><a href=\"http:\/\/senergy.fr\/WP\/reducteurs\/\" data-type=\"page\" data-id=\"386\"><strong>R\u00e9ducteurs plan\u00e9taires<\/strong><\/a><\/p>\n\n\n\n<p style=\"font-size:14px\"><a href=\"http:\/\/senergy.fr\/WP\/oil-sistem-bosch\/\" data-type=\"page\" data-id=\"207\"><strong>Centrales hydrauliques<\/strong><\/a><\/p>\n","protected":false},"excerpt":{"rendered":"<p>SENERGY, de part son exp\u00e9rience de plus de trente ans, est sp\u00e9cialis\u00e9e dans toute une gamme de produits hydrauliques (Treuils, R\u00e9ducteurs, Moteurs, Centrales, Electrovalves, Valves,&hellip;<\/p>\n","protected":false},"author":1,"featured_media":0,"parent":0,"menu_order":0,"comment_status":"closed","ping_status":"closed","template":"","meta":[],"_links":{"self":[{"href":"http:\/\/senergy.fr\/WP\/wp-json\/wp\/v2\/pages\/15"}],"collection":[{"href":"http:\/\/senergy.fr\/WP\/wp-json\/wp\/v2\/pages"}],"about":[{"href":"http:\/\/senergy.fr\/WP\/wp-json\/wp\/v2\/types\/page"}],"author":[{"embeddable":true,"href":"http:\/\/senergy.fr\/WP\/wp-json\/wp\/v2\/users\/1"}],"replies":[{"embeddable":true,"href":"http:\/\/senergy.fr\/WP\/wp-json\/wp\/v2\/comments?post=15"}],"version-history":[{"count":12,"href":"http:\/\/senergy.fr\/WP\/wp-json\/wp\/v2\/pages\/15\/revisions"}],"predecessor-version":[{"id":2411,"href":"http:\/\/senergy.fr\/WP\/wp-json\/wp\/v2\/pages\/15\/revisions\/2411"}],"wp:attachment":[{"href":"http:\/\/senergy.fr\/WP\/wp-json\/wp\/v2\/media?parent=15"}],"curies":[{"name":"wp","href":"https:\/\/api.w.org\/{rel}","templated":true}]}}