{"id":17,"date":"2020-04-23T11:30:05","date_gmt":"2020-04-23T09:30:05","guid":{"rendered":"http:\/\/senergy.fr\/WP\/?page_id=17"},"modified":"2025-07-28T14:12:29","modified_gmt":"2025-07-28T12:12:29","slug":"societe","status":"publish","type":"page","link":"http:\/\/senergy.fr\/WP\/societe\/","title":{"rendered":"Soci\u00e9t\u00e9"},"content":{"rendered":"\n<p class=\"has-text-align-justify\" style=\"font-size:14px\">Depuis plus de 30 ans, SENERGY met \u00e0 votre service son savoir-faire et son exp\u00e9rience dans des domaines tels que la manutention, le levage, les machines mobiles et bien d&rsquo;autres au travers de ses 3 divisions\u00a0:<\/p>\n\n\n\n<ul style=\"font-size:14px\">\n<li>Division <strong><a href=\"http:\/\/senergy.fr\/WP\/electronique\/\" data-type=\"page\" data-id=\"14\">ELECTRONIQUE<\/a> <\/strong>\u2197<\/li>\n\n\n\n<li>Division <strong><a href=\"http:\/\/senergy.fr\/WP\/hydraulique\/\" data-type=\"page\" data-id=\"15\">HYDRAULIQUE<\/a> <\/strong>\u2197<\/li>\n\n\n\n<li>Division <a href=\"http:\/\/senergy.fr\/WP\/carrosserie\/\" data-type=\"page\" data-id=\"16\"><strong>CARROSSERIE INDUSTRIELLE<\/strong><\/a> \u2197<\/li>\n<\/ul>\n\n\n\n<p class=\"has-text-align-justify\" style=\"font-size:14px\">Que vous soyez dans l\u2019industrie, l\u2019agricole, ou le BTP, nous avons la solution \u00e0 vos probl\u00e9matiques.<\/p>\n\n\n\n<p class=\"has-text-align-justify\" style=\"font-size:14px\">Pour r\u00e9pondre \u00e0 vos besoins, SENERGY met \u00e0 votre disposition ses sp\u00e9cialistes qualifi\u00e9s b\u00e9n\u00e9ficiant d\u2019une longue exp\u00e9rience en tant que techniciens dans leur domaine.<\/p>\n\n\n\n<p class=\"has-text-align-justify\" style=\"font-size:14px\">De plus, nous avons la possibilit\u00e9 de vous livrer sous 24 ou 48 heures en fonction de votre situation sur le territoire national. Nous disposons \u00e9galement d\u2019un stock important afin de limiter les d\u00e9lais usine.<\/p>\n\n\n\n<p class=\"has-text-align-justify\" style=\"font-size:14px\">Nous travaillons depuis de nombreuses ann\u00e9es avec notre partenaire AXA, leader mondial de l\u2019assurance en responsabilit\u00e9 civile afin de vous garantir un suivi dans ce domaine sur les projets que vous nous aurez confi\u00e9s.<\/p>\n\n\n<div class=\"wp-block-image\">\n<figure class=\"aligncenter size-large\"><img decoding=\"async\" loading=\"lazy\" width=\"1000\" height=\"250\" src=\"http:\/\/senergy.fr\/WP\/wp-content\/uploads\/2021\/05\/PDP-1.png\" alt=\"\" class=\"wp-image-321\" srcset=\"http:\/\/senergy.fr\/WP\/wp-content\/uploads\/2021\/05\/PDP-1.png 1000w, http:\/\/senergy.fr\/WP\/wp-content\/uploads\/2021\/05\/PDP-1-300x75.png 300w, http:\/\/senergy.fr\/WP\/wp-content\/uploads\/2021\/05\/PDP-1-768x192.png 768w\" sizes=\"(max-width: 1000px) 100vw, 1000px\" \/><\/figure><\/div>\n\n\n<p><\/p>\n","protected":false},"excerpt":{"rendered":"<p>Depuis plus de 30 ans, SENERGY met \u00e0 votre service son savoir-faire et son exp\u00e9rience dans des domaines tels que la manutention, le levage, les&hellip;<\/p>\n","protected":false},"author":1,"featured_media":0,"parent":0,"menu_order":0,"comment_status":"closed","ping_status":"closed","template":"","meta":[],"_links":{"self":[{"href":"http:\/\/senergy.fr\/WP\/wp-json\/wp\/v2\/pages\/17"}],"collection":[{"href":"http:\/\/senergy.fr\/WP\/wp-json\/wp\/v2\/pages"}],"about":[{"href":"http:\/\/senergy.fr\/WP\/wp-json\/wp\/v2\/types\/page"}],"author":[{"embeddable":true,"href":"http:\/\/senergy.fr\/WP\/wp-json\/wp\/v2\/users\/1"}],"replies":[{"embeddable":true,"href":"http:\/\/senergy.fr\/WP\/wp-json\/wp\/v2\/comments?post=17"}],"version-history":[{"count":18,"href":"http:\/\/senergy.fr\/WP\/wp-json\/wp\/v2\/pages\/17\/revisions"}],"predecessor-version":[{"id":2682,"href":"http:\/\/senergy.fr\/WP\/wp-json\/wp\/v2\/pages\/17\/revisions\/2682"}],"wp:attachment":[{"href":"http:\/\/senergy.fr\/WP\/wp-json\/wp\/v2\/media?parent=17"}],"curies":[{"name":"wp","href":"https:\/\/api.w.org\/{rel}","templated":true}]}}