{"id":193,"date":"2021-03-09T15:40:58","date_gmt":"2021-03-09T14:40:58","guid":{"rendered":"http:\/\/senergy.fr\/WP\/?page_id=193"},"modified":"2023-05-04T16:42:02","modified_gmt":"2023-05-04T14:42:02","slug":"sav","status":"publish","type":"page","link":"http:\/\/senergy.fr\/WP\/sav\/","title":{"rendered":"SAV"},"content":{"rendered":"\n<p class=\"has-text-align-justify\" style=\"font-size:14px\">Vous rencontrez un probl\u00e8me sur un produit achet\u00e9 chez nous&nbsp;? &nbsp;Notre responsable SAV, <strong>Beno\u00eet LALLEMENT<\/strong>, et son \u00e9quipe sont l\u00e0 pour vous aider. Contactez-nous par t\u00e9l\u00e9phone au <strong>(+33)(0)3.26.79.00.50<\/strong> ou par mail <strong>(<a href=\"mailto:blallement@senergy.fr\">blallement@senergy.fr<\/a> ou <\/strong><a href=\"mailto:contactsite@senergy.fr\">contactsite@senergy.fr<\/a><strong>)<\/strong><\/p>\n\n\n\n<p class=\"has-vivid-cyan-blue-color has-text-color\" style=\"font-size:17px\"><strong>Des r\u00e9ponses pr\u00e9cises<\/strong><\/p>\n\n\n\n<p class=\"has-text-align-justify\" style=\"font-size:14px\">Notre SAV SENERGY effectue les diagnostics, d\u00e9pannages et r\u00e9parations sur tous les produits commercialis\u00e9s par SENERGY, dans un d\u00e9lai le plus court possible&nbsp;: Le service client est notre marque de fabrique.<\/p>\n\n\n\n<p class=\"has-text-align-justify\" style=\"font-size:14px\">Notre SAV SENERGY est aussi sp\u00e9cialis\u00e9 dans le d\u00e9pannage des radiocommandes IMET et peut aussi intervenir sur toute autre marque de radiocommandes.<\/p>\n\n\n\n<p class=\"has-text-align-justify\" style=\"font-size:14px\">Pour un produit SENERGY ou un autre produit, nous saurons \u00eatre r\u00e9actifs et vous proposer une solution, alors n\u2019h\u00e9sitez pas \u00e0 nous contacter d\u00e8s \u00e0 pr\u00e9sent.<\/p>\n\n\n\n<p class=\"has-vivid-cyan-blue-color has-text-color\" style=\"font-size:17px\"><strong>Garantie<\/strong><\/p>\n\n\n\n<p style=\"font-size:14px\">Senergy couvre vos \u00e9quipements pendant <strong>12 mois<\/strong> de garantie.<\/p>\n\n\n\n<p><\/p>\n\n\n\n<div class=\"wp-block-jetpack-tiled-gallery aligncenter is-style-rectangular\"><div class=\"tiled-gallery__gallery\"><div class=\"tiled-gallery__row\"><div class=\"tiled-gallery__col\" style=\"flex-basis:49.83575%\"><figure class=\"tiled-gallery__item\"><img decoding=\"async\" srcset=\"https:\/\/i2.wp.com\/senergy.fr\/WP\/wp-content\/uploads\/2021\/05\/IMG_2475-1-scaled.jpg?strip=info&#038;w=600 600w,https:\/\/i2.wp.com\/senergy.fr\/WP\/wp-content\/uploads\/2021\/05\/IMG_2475-1-scaled.jpg?strip=info&#038;w=900 900w,https:\/\/i2.wp.com\/senergy.fr\/WP\/wp-content\/uploads\/2021\/05\/IMG_2475-1-scaled.jpg?strip=info&#038;w=1200 1200w,https:\/\/i2.wp.com\/senergy.fr\/WP\/wp-content\/uploads\/2021\/05\/IMG_2475-1-scaled.jpg?strip=info&#038;w=1500 1500w,https:\/\/i2.wp.com\/senergy.fr\/WP\/wp-content\/uploads\/2021\/05\/IMG_2475-1-scaled.jpg?strip=info&#038;w=1800 1800w,https:\/\/i2.wp.com\/senergy.fr\/WP\/wp-content\/uploads\/2021\/05\/IMG_2475-1-scaled.jpg?strip=info&#038;w=1920 1920w\" alt=\"\" data-height=\"2560\" data-id=\"518\" data-link=\"http:\/\/senergy.fr\/WP\/sav\/img_2475-1\/\" data-url=\"http:\/\/senergy.fr\/WP\/wp-content\/uploads\/2021\/05\/IMG_2475-1-scaled.jpg\" data-width=\"1920\" src=\"https:\/\/i2.wp.com\/senergy.fr\/WP\/wp-content\/uploads\/2021\/05\/IMG_2475-1-scaled.jpg\" data-amp-layout=\"responsive\"\/><\/figure><\/div><div class=\"tiled-gallery__col\" style=\"flex-basis:50.16425%\"><figure class=\"tiled-gallery__item\"><img decoding=\"async\" srcset=\"https:\/\/i1.wp.com\/senergy.fr\/WP\/wp-content\/uploads\/2021\/06\/Resized_20190125_114303002.jpeg?strip=info&#038;w=600 600w,https:\/\/i1.wp.com\/senergy.fr\/WP\/wp-content\/uploads\/2021\/06\/Resized_20190125_114303002.jpeg?strip=info&#038;w=900 900w,https:\/\/i1.wp.com\/senergy.fr\/WP\/wp-content\/uploads\/2021\/06\/Resized_20190125_114303002.jpeg?strip=info&#038;w=1200 1200w,https:\/\/i1.wp.com\/senergy.fr\/WP\/wp-content\/uploads\/2021\/06\/Resized_20190125_114303002.jpeg?strip=info&#038;w=1500 1500w,https:\/\/i1.wp.com\/senergy.fr\/WP\/wp-content\/uploads\/2021\/06\/Resized_20190125_114303002.jpeg?strip=info&#038;w=1800 1800w,https:\/\/i1.wp.com\/senergy.fr\/WP\/wp-content\/uploads\/2021\/06\/Resized_20190125_114303002.jpeg?strip=info&#038;w=2000 2000w\" alt=\"\" data-height=\"1440\" data-id=\"1557\" data-link=\"http:\/\/senergy.fr\/WP\/sav\/resized_20190125_114303002\/\" data-url=\"http:\/\/senergy.fr\/WP\/wp-content\/uploads\/2021\/06\/Resized_20190125_114303002.jpeg\" data-width=\"2560\" src=\"https:\/\/i1.wp.com\/senergy.fr\/WP\/wp-content\/uploads\/2021\/06\/Resized_20190125_114303002.jpeg\" data-amp-layout=\"responsive\"\/><\/figure><figure class=\"tiled-gallery__item\"><img decoding=\"async\" srcset=\"https:\/\/i1.wp.com\/senergy.fr\/WP\/wp-content\/uploads\/2023\/05\/TX-11182-18881604426-5-1024x768.jpg?strip=info&#038;w=600 600w,https:\/\/i1.wp.com\/senergy.fr\/WP\/wp-content\/uploads\/2023\/05\/TX-11182-18881604426-5-1024x768.jpg?strip=info&#038;w=900 900w,https:\/\/i1.wp.com\/senergy.fr\/WP\/wp-content\/uploads\/2023\/05\/TX-11182-18881604426-5-1024x768.jpg?strip=info&#038;w=1200 1200w,https:\/\/i1.wp.com\/senergy.fr\/WP\/wp-content\/uploads\/2023\/05\/TX-11182-18881604426-5-1024x768.jpg?strip=info&#038;w=1500 1500w,https:\/\/i1.wp.com\/senergy.fr\/WP\/wp-content\/uploads\/2023\/05\/TX-11182-18881604426-5-1024x768.jpg?strip=info&#038;w=1800 1800w,https:\/\/i1.wp.com\/senergy.fr\/WP\/wp-content\/uploads\/2023\/05\/TX-11182-18881604426-5-1024x768.jpg?strip=info&#038;w=2000 2000w\" alt=\"\" data-height=\"1920\" data-id=\"2392\" data-link=\"http:\/\/senergy.fr\/WP\/sav\/tx-11182-18881604426-5\/\" data-url=\"http:\/\/senergy.fr\/WP\/wp-content\/uploads\/2023\/05\/TX-11182-18881604426-5-1024x768.jpg\" data-width=\"2560\" src=\"https:\/\/i1.wp.com\/senergy.fr\/WP\/wp-content\/uploads\/2023\/05\/TX-11182-18881604426-5-1024x768.jpg\" data-amp-layout=\"responsive\"\/><\/figure><\/div><\/div><\/div><\/div>\n","protected":false},"excerpt":{"rendered":"<p>Vous rencontrez un probl\u00e8me sur un produit achet\u00e9 chez nous&nbsp;? &nbsp;Notre responsable SAV, Beno\u00eet LALLEMENT, et son \u00e9quipe sont l\u00e0 pour vous aider. Contactez-nous par&hellip;<\/p>\n","protected":false},"author":1,"featured_media":0,"parent":0,"menu_order":0,"comment_status":"closed","ping_status":"closed","template":"","meta":[],"_links":{"self":[{"href":"http:\/\/senergy.fr\/WP\/wp-json\/wp\/v2\/pages\/193"}],"collection":[{"href":"http:\/\/senergy.fr\/WP\/wp-json\/wp\/v2\/pages"}],"about":[{"href":"http:\/\/senergy.fr\/WP\/wp-json\/wp\/v2\/types\/page"}],"author":[{"embeddable":true,"href":"http:\/\/senergy.fr\/WP\/wp-json\/wp\/v2\/users\/1"}],"replies":[{"embeddable":true,"href":"http:\/\/senergy.fr\/WP\/wp-json\/wp\/v2\/comments?post=193"}],"version-history":[{"count":24,"href":"http:\/\/senergy.fr\/WP\/wp-json\/wp\/v2\/pages\/193\/revisions"}],"predecessor-version":[{"id":2393,"href":"http:\/\/senergy.fr\/WP\/wp-json\/wp\/v2\/pages\/193\/revisions\/2393"}],"wp:attachment":[{"href":"http:\/\/senergy.fr\/WP\/wp-json\/wp\/v2\/media?parent=193"}],"curies":[{"name":"wp","href":"https:\/\/api.w.org\/{rel}","templated":true}]}}