{"id":199,"date":"2021-05-02T21:17:14","date_gmt":"2021-05-02T19:17:14","guid":{"rendered":"http:\/\/senergy.fr\/WP\/?page_id=199"},"modified":"2023-03-20T18:41:58","modified_gmt":"2023-03-20T17:41:58","slug":"imet","status":"publish","type":"page","link":"http:\/\/senergy.fr\/WP\/imet\/","title":{"rendered":"Radiocommandes IMET"},"content":{"rendered":"\n<p style=\"font-size:16px\">Contact&nbsp;: <strong>Jos\u00e9 CHAROY<\/strong> (<a href=\"mailto:jcharoy@senergy.fr\"><strong>jcharoy@senergy.fr<\/strong><\/a>)<\/p>\n\n\n<div class=\"wp-block-image\">\n<figure class=\"alignright size-full\"><a href=\"http:\/\/fra.imetradioremotecontrol.com\/\" target=\"_new\" rel=\"noopener\"><img decoding=\"async\" loading=\"lazy\" width=\"122\" height=\"144\" src=\"http:\/\/senergy.fr\/WP\/wp-content\/uploads\/2023\/02\/logo.png\" alt=\"\" class=\"wp-image-2060\" srcset=\"http:\/\/senergy.fr\/WP\/wp-content\/uploads\/2023\/02\/logo.png 122w, http:\/\/senergy.fr\/WP\/wp-content\/uploads\/2023\/02\/logo-20x24.png 20w, http:\/\/senergy.fr\/WP\/wp-content\/uploads\/2023\/02\/logo-31x36.png 31w, http:\/\/senergy.fr\/WP\/wp-content\/uploads\/2023\/02\/logo-41x48.png 41w\" sizes=\"(max-width: 122px) 100vw, 122px\" \/><\/a><figcaption class=\"wp-element-caption\">cliquer sur le logo pour aller chez Imet<\/figcaption><\/figure><\/div>\n\n\n<p class=\"has-text-align-justify\" style=\"font-size:14px\">Depuis 1988, IMET est l\u2019une des entreprises pionni\u00e8res dans la conception et la r\u00e9alisation de radiocommandes industrielles.<\/p>\n\n\n\n<p class=\"has-text-align-justify\" style=\"font-size:14px\">Importateur fran\u00e7ais de Imet depuis 1997, Senergy vous propose une gamme compl\u00e8te de radiocommandes industrielles \u00e0 destination de multiples applications&nbsp;:<\/p>\n\n\n\n<ul style=\"font-size:14px\">\n<li>Engins mobiles (Grues auxiliaires, Grues \u00e0 tour, Grues mobiles, Nacelles \u00e9l\u00e9vatrices, Pompes \u00e0 b\u00e9ton, machines de forage, tunneliers, Hydrocureurs, etc&#8230;)<\/li>\n\n\n\n<li>Machines industrielles (Ponts roulants, Potences, Convoyeurs, etc&#8230; )<\/li>\n\n\n\n<li>Robots de tous genres (Tondeuses, machines autonomes, etc&#8230;)<\/li>\n\n\n\n<li>Machines agricoles (D\u00e9pailleuses, R\u00e9colteuses de fruits, etc&#8230;)<\/li>\n<\/ul>\n\n\n\n<p class=\"has-text-align-justify\" style=\"font-size:14px\">Toute application n\u00e9cessitant une commande \u00e0 distance en toute s\u00e9curit\u00e9<\/p>\n\n\n\n<p style=\"font-size:17px\">IMET&nbsp;: <a href=\"http:\/\/www.imet.eu\"><strong>http:\/\/www.imet.eu<\/strong><\/a><\/p>\n\n\n\n","protected":false},"excerpt":{"rendered":"<p>Contact&nbsp;: Jos\u00e9 CHAROY (jcharoy@senergy.fr) Depuis 1988, IMET est l\u2019une des entreprises pionni\u00e8res dans la conception et la r\u00e9alisation de radiocommandes industrielles. Importateur fran\u00e7ais de Imet&hellip;<\/p>\n","protected":false},"author":1,"featured_media":0,"parent":0,"menu_order":0,"comment_status":"closed","ping_status":"closed","template":"","meta":[],"_links":{"self":[{"href":"http:\/\/senergy.fr\/WP\/wp-json\/wp\/v2\/pages\/199"}],"collection":[{"href":"http:\/\/senergy.fr\/WP\/wp-json\/wp\/v2\/pages"}],"about":[{"href":"http:\/\/senergy.fr\/WP\/wp-json\/wp\/v2\/types\/page"}],"author":[{"embeddable":true,"href":"http:\/\/senergy.fr\/WP\/wp-json\/wp\/v2\/users\/1"}],"replies":[{"embeddable":true,"href":"http:\/\/senergy.fr\/WP\/wp-json\/wp\/v2\/comments?post=199"}],"version-history":[{"count":21,"href":"http:\/\/senergy.fr\/WP\/wp-json\/wp\/v2\/pages\/199\/revisions"}],"predecessor-version":[{"id":2190,"href":"http:\/\/senergy.fr\/WP\/wp-json\/wp\/v2\/pages\/199\/revisions\/2190"}],"wp:attachment":[{"href":"http:\/\/senergy.fr\/WP\/wp-json\/wp\/v2\/media?parent=199"}],"curies":[{"name":"wp","href":"https:\/\/api.w.org\/{rel}","templated":true}]}}