{"id":201,"date":"2021-05-02T21:17:34","date_gmt":"2021-05-02T19:17:34","guid":{"rendered":"http:\/\/senergy.fr\/WP\/?page_id=201"},"modified":"2023-03-20T17:42:37","modified_gmt":"2023-03-20T16:42:37","slug":"bpe-dana","status":"publish","type":"page","link":"http:\/\/senergy.fr\/WP\/bpe-dana\/","title":{"rendered":"Capteurs et cartes \u00e9lectroniques BPE"},"content":{"rendered":"<div class=\"wp-block-image\">\n<figure class=\"alignright size-large is-resized\"><img decoding=\"async\" loading=\"lazy\" src=\"http:\/\/senergy.fr\/WP\/wp-content\/uploads\/2021\/05\/image.jpeg\" alt=\"ELECTRONIC BOARDS AND TRANSDUCERS\" class=\"wp-image-297\" width=\"181\" height=\"90\"\/><\/figure><\/div>\n\n\n<p style=\"font-size:16px\">Contact : <strong>David VALLERY<\/strong> (<a href=\"mailto:dvallery@senergy.fr\">dvallery@senergy.fr<\/a>)<\/p>\n\n\n\n<p class=\"has-text-align-justify\" style=\"font-size:14px\">Partenaire de SENERGY depuis plus de 30 ans, BPE est sp\u00e9cialis\u00e9 dans les syst\u00e8mes \u00e9lectroniques de s\u00e9curit\u00e9 et de contr\u00f4le, limitation de charge, limitation de moment, limitation de d\u00e9port destin\u00e9s \u00e0 la grue, nacelle \u00e9l\u00e9vatrice et tout autre domaine n\u00e9cessitant de la s\u00e9curit\u00e9.<\/p>\n\n\n<div class=\"wp-block-image\">\n<figure class=\"alignleft size-medium is-resized\"><img decoding=\"async\" loading=\"lazy\" src=\"http:\/\/senergy.fr\/WP\/wp-content\/uploads\/2021\/06\/8F0C1B5D-33E6-4C2F-B21B-5CED883537FB-1-300x257.png\" alt=\"\" class=\"wp-image-580\" width=\"179\" height=\"153\" srcset=\"http:\/\/senergy.fr\/WP\/wp-content\/uploads\/2021\/06\/8F0C1B5D-33E6-4C2F-B21B-5CED883537FB-1-300x257.png 300w, http:\/\/senergy.fr\/WP\/wp-content\/uploads\/2021\/06\/8F0C1B5D-33E6-4C2F-B21B-5CED883537FB-1-1024x877.png 1024w, http:\/\/senergy.fr\/WP\/wp-content\/uploads\/2021\/06\/8F0C1B5D-33E6-4C2F-B21B-5CED883537FB-1-768x657.png 768w, http:\/\/senergy.fr\/WP\/wp-content\/uploads\/2021\/06\/8F0C1B5D-33E6-4C2F-B21B-5CED883537FB-1-1536x1315.png 1536w, http:\/\/senergy.fr\/WP\/wp-content\/uploads\/2021\/06\/8F0C1B5D-33E6-4C2F-B21B-5CED883537FB-1.png 2048w\" sizes=\"(max-width: 179px) 100vw, 179px\" \/><\/figure><\/div>\n\n\n<p><\/p>\n\n\n\n<p style=\"font-size:14px\">Retrouvez ici nos <a href=\"http:\/\/senergy.fr\/WP\/capteurs\/\" data-type=\"page\" data-id=\"378\"><strong>capteurs<\/strong><\/a>.<\/p>\n\n\n\n<p> <\/p>\n\n\n\n<p><\/p>\n\n\n<div class=\"wp-block-image\">\n<figure class=\"alignleft size-medium is-resized\"><img decoding=\"async\" loading=\"lazy\" src=\"http:\/\/senergy.fr\/WP\/wp-content\/uploads\/2021\/06\/FFD3CAA3-D3BE-47EE-B69F-00BB857B5460-300x225.png\" alt=\"\" class=\"wp-image-582\" width=\"234\" height=\"176\" srcset=\"http:\/\/senergy.fr\/WP\/wp-content\/uploads\/2021\/06\/FFD3CAA3-D3BE-47EE-B69F-00BB857B5460-300x225.png 300w, http:\/\/senergy.fr\/WP\/wp-content\/uploads\/2021\/06\/FFD3CAA3-D3BE-47EE-B69F-00BB857B5460-1024x768.png 1024w, http:\/\/senergy.fr\/WP\/wp-content\/uploads\/2021\/06\/FFD3CAA3-D3BE-47EE-B69F-00BB857B5460-768x576.png 768w, http:\/\/senergy.fr\/WP\/wp-content\/uploads\/2021\/06\/FFD3CAA3-D3BE-47EE-B69F-00BB857B5460-1536x1152.png 1536w, http:\/\/senergy.fr\/WP\/wp-content\/uploads\/2021\/06\/FFD3CAA3-D3BE-47EE-B69F-00BB857B5460.png 1920w\" sizes=\"(max-width: 234px) 100vw, 234px\" \/><\/figure><\/div>\n\n\n<p><\/p>\n\n\n\n<p style=\"font-size:14px\">Retrouvez ici nos <a href=\"http:\/\/senergy.fr\/WP\/cartes-electroniques\/\" data-type=\"page\" data-id=\"379\"><strong>cartes \u00e9lectroniques<\/strong><\/a>.<\/p>\n","protected":false},"excerpt":{"rendered":"<p>Contact : David VALLERY (dvallery@senergy.fr) Partenaire de SENERGY depuis plus de 30 ans, BPE est sp\u00e9cialis\u00e9 dans les syst\u00e8mes \u00e9lectroniques de s\u00e9curit\u00e9 et de contr\u00f4le,&hellip;<\/p>\n","protected":false},"author":1,"featured_media":0,"parent":0,"menu_order":0,"comment_status":"closed","ping_status":"closed","template":"","meta":[],"_links":{"self":[{"href":"http:\/\/senergy.fr\/WP\/wp-json\/wp\/v2\/pages\/201"}],"collection":[{"href":"http:\/\/senergy.fr\/WP\/wp-json\/wp\/v2\/pages"}],"about":[{"href":"http:\/\/senergy.fr\/WP\/wp-json\/wp\/v2\/types\/page"}],"author":[{"embeddable":true,"href":"http:\/\/senergy.fr\/WP\/wp-json\/wp\/v2\/users\/1"}],"replies":[{"embeddable":true,"href":"http:\/\/senergy.fr\/WP\/wp-json\/wp\/v2\/comments?post=201"}],"version-history":[{"count":14,"href":"http:\/\/senergy.fr\/WP\/wp-json\/wp\/v2\/pages\/201\/revisions"}],"predecessor-version":[{"id":2161,"href":"http:\/\/senergy.fr\/WP\/wp-json\/wp\/v2\/pages\/201\/revisions\/2161"}],"wp:attachment":[{"href":"http:\/\/senergy.fr\/WP\/wp-json\/wp\/v2\/media?parent=201"}],"curies":[{"name":"wp","href":"https:\/\/api.w.org\/{rel}","templated":true}]}}