{"id":205,"date":"2021-05-02T21:18:13","date_gmt":"2021-05-02T19:18:13","guid":{"rendered":"http:\/\/senergy.fr\/WP\/?page_id=205"},"modified":"2023-03-20T17:47:04","modified_gmt":"2023-03-20T16:47:04","slug":"dinamic-oil","status":"publish","type":"page","link":"http:\/\/senergy.fr\/WP\/dinamic-oil\/","title":{"rendered":"Dinamic Oil"},"content":{"rendered":"<div class=\"wp-block-image\">\n<figure class=\"alignright size-large is-resized\"><a href=\"https:\/\/www.dinamicoil.com\/en\/\"><img decoding=\"async\" loading=\"lazy\" src=\"http:\/\/senergy.fr\/WP\/wp-content\/uploads\/2021\/05\/image.png\" alt=\"DINAMIC OIL \" class=\"wp-image-285\" width=\"256\" height=\"58\"\/><\/a><\/figure><\/div>\n\n\n<p style=\"font-size:17px\">Contact : <strong>David VALLERY<\/strong> (<a href=\"mailto:dvallery@senergy.fr\">dvallery@senergy.fr<\/a>)<\/p>\n\n\n\n<p style=\"font-size:14px\">Partenaire de Dinamic Oil depuis 1991, Senergy d\u00e9veloppe sur le march\u00e9 fran\u00e7ais toute la gamme de<a href=\"http:\/\/senergy.fr\/WP\/treuils\/\" data-type=\"page\" data-id=\"385\"><strong> moteurs hydrauliques<\/strong><\/a>, <a href=\"http:\/\/senergy.fr\/WP\/reducteurs\/\" data-type=\"page\" data-id=\"386\"><strong>r\u00e9ducteurs et moto r\u00e9ducteurs plan\u00e9taires.<\/strong><\/a><\/p>\n","protected":false},"excerpt":{"rendered":"<p>Contact : David VALLERY (dvallery@senergy.fr) Partenaire de Dinamic Oil depuis 1991, Senergy d\u00e9veloppe sur le march\u00e9 fran\u00e7ais toute la gamme de moteurs hydrauliques, r\u00e9ducteurs et&hellip;<\/p>\n","protected":false},"author":1,"featured_media":0,"parent":0,"menu_order":0,"comment_status":"closed","ping_status":"closed","template":"","meta":[],"_links":{"self":[{"href":"http:\/\/senergy.fr\/WP\/wp-json\/wp\/v2\/pages\/205"}],"collection":[{"href":"http:\/\/senergy.fr\/WP\/wp-json\/wp\/v2\/pages"}],"about":[{"href":"http:\/\/senergy.fr\/WP\/wp-json\/wp\/v2\/types\/page"}],"author":[{"embeddable":true,"href":"http:\/\/senergy.fr\/WP\/wp-json\/wp\/v2\/users\/1"}],"replies":[{"embeddable":true,"href":"http:\/\/senergy.fr\/WP\/wp-json\/wp\/v2\/comments?post=205"}],"version-history":[{"count":23,"href":"http:\/\/senergy.fr\/WP\/wp-json\/wp\/v2\/pages\/205\/revisions"}],"predecessor-version":[{"id":2167,"href":"http:\/\/senergy.fr\/WP\/wp-json\/wp\/v2\/pages\/205\/revisions\/2167"}],"wp:attachment":[{"href":"http:\/\/senergy.fr\/WP\/wp-json\/wp\/v2\/media?parent=205"}],"curies":[{"name":"wp","href":"https:\/\/api.w.org\/{rel}","templated":true}]}}