{"id":207,"date":"2021-05-02T21:18:34","date_gmt":"2021-05-02T19:18:34","guid":{"rendered":"http:\/\/senergy.fr\/WP\/?page_id=207"},"modified":"2023-03-20T18:24:47","modified_gmt":"2023-03-20T17:24:47","slug":"oil-sistem-bosch","status":"publish","type":"page","link":"http:\/\/senergy.fr\/WP\/oil-sistem-bosch\/","title":{"rendered":"Oil Sistem \/ Bosch"},"content":{"rendered":"\n\n\n<p style=\"font-size:16px\">Contacts : <strong>David VALLERY<\/strong> (<a href=\"mailto:dvallery@senergy.fr\">dvallery@senergy.fr<\/a>), <strong>Beno\u00eet LALLEMENT<\/strong> (<a href=\"mailto:blallement@senergy.fr\">blallement@senergy.fr<\/a>)<\/p>\n\n\n\n<p class=\"has-text-color\" style=\"color:#098628;font-size:16px\"><strong><em>Centrales hydrauliques s\u00e9rie M-MR<\/em><\/strong><\/p>\n\n\n\n<div class=\"is-layout-flex wp-container-2 wp-block-columns\">\n<div class=\"is-layout-flow wp-block-column\" style=\"flex-basis:100%\"><div class=\"wp-block-image\">\n<figure class=\"alignright\"><img decoding=\"async\" src=\"http:\/\/www.senergy.fr\/images\/produits\/oilsistem\/oilmmr2.jpg\" alt=\"Centrales hydrauliques s\u00e9rie M-MR\"\/><\/figure><\/div>\n\n<div class=\"wp-block-image\">\n<figure class=\"alignright\"><img decoding=\"async\" src=\"http:\/\/www.senergy.fr\/images\/produits\/oilsistem\/oilmmr1.jpg\" alt=\"Centrales hydrauliques s\u00e9rie M-MR\"\/><\/figure><\/div>\n\n\n<ul style=\"font-size:14px\">\n<li>Avec pompe \u00e0 engrenage du Groupe 05 et moteur de 0.09 kW \u00e0 2.2 kW<\/li>\n\n\n\n<li>Version pompe r\u00e9versible<\/li>\n\n\n\n<li>Dimensions r\u00e9duites<\/li>\n<\/ul>\n<\/div>\n<\/div>\n\n\n\n<hr class=\"wp-block-separator has-css-opacity is-style-wide\"\/>\n\n\n\n<p class=\"has-text-color\" style=\"color:#098628;font-size:16px\"><strong><em>Centrales hydrauliques s\u00e9rie K-KE<\/em><\/strong><\/p>\n\n\n\n<div class=\"is-layout-flex wp-container-4 wp-block-columns\">\n<div class=\"is-layout-flow wp-block-column\" style=\"flex-basis:100%\"><div class=\"wp-block-image\">\n<figure class=\"alignright\"><img decoding=\"async\" src=\"http:\/\/www.senergy.fr\/images\/produits\/oilsistem\/oilkkr.jpg\" alt=\"Centrales hydrauliques s\u00e9rie K-KR\"\/><\/figure><\/div>\n\n\n<ul style=\"font-size:14px\">\n<li>Avec pompe \u00e0 engrenage du Groupe 1 et moteur de 0.18 kW \u00e0 4 kW<\/li>\n\n\n\n<li>Choix de r\u00e9servoirs et de blocs modulaires, version pompe r\u00e9versible<\/li>\n\n\n\n<li>Adaptation sur tous types d&rsquo;applications<\/li>\n<\/ul>\n<\/div>\n<\/div>\n\n\n\n<hr class=\"wp-block-separator has-css-opacity is-style-wide\"\/>\n\n\n\n<p class=\"has-text-color\" style=\"color:#098628;font-size:16px\"><strong><em>Centrales hydrauliques s\u00e9rie Z-ZL<\/em><\/strong><\/p>\n\n\n\n<div class=\"is-layout-flex wp-container-6 wp-block-columns\">\n<div class=\"is-layout-flow wp-block-column\" style=\"flex-basis:100%\"><div class=\"wp-block-image\">\n<figure class=\"alignright\"><img decoding=\"async\" src=\"http:\/\/www.senergy.fr\/images\/produits\/oilsistem\/centralezzl.jpg\" alt=\"Centrales hydrauliques s\u00e9rie Z-ZL\"\/><\/figure><\/div>\n\n<div class=\"wp-block-image\">\n<figure class=\"alignright\"><img decoding=\"async\" src=\"http:\/\/www.senergy.fr\/images\/produits\/oilsistem\/smapompezzl.jpg\" alt=\"Centrales hydrauliques s\u00e9rie Z-ZL\"\/><\/figure><\/div>\n\n\n<ul style=\"font-size:14px\">\n<li>Avec pompe \u00e0 engrenage du Groupe 2 et moteur de 1.1 kW \u00e0 7.5 kW<\/li>\n\n\n\n<li>Utilisation de pompe avec flasque type SAE<\/li>\n<\/ul>\n<\/div>\n<\/div>\n\n\n\n<hr class=\"wp-block-separator has-css-opacity is-style-wide\"\/>\n\n\n\n<p class=\"has-text-color\" style=\"color:#098628;font-size:16px\"><strong><em>Centrales hydrauliques s\u00e9rie IM<\/em><\/strong><\/p>\n\n\n\n<div class=\"is-layout-flex wp-container-8 wp-block-columns\">\n<div class=\"is-layout-flow wp-block-column\" style=\"flex-basis:100%\"><div class=\"wp-block-image\">\n<figure class=\"alignright\"><img decoding=\"async\" src=\"http:\/\/www.senergy.fr\/images\/produits\/oilsistem\/oilim.jpg\" alt=\"Centrales hydrauliques s\u00e9rie IM\"\/><\/figure><\/div>\n\n\n<ul style=\"font-size:14px\">\n<li>S\u00e9rie avec moteur immerg\u00e9 \u00e0 courant alternatif de 0.55 kW \u00e0 7.5 kW et pompe \u00e0 engrenage de 1.1 cc \u00e0 22.8 cc<\/li>\n\n\n\n<li>Encombrement r\u00e9duit, niveau sonore diminu\u00e9, augmentation de la dur\u00e9e de vie des composants m\u00e9caniques<\/li>\n<\/ul>\n<\/div>\n<\/div>\n\n\n\n<hr class=\"wp-block-separator has-css-opacity is-style-wide\"\/>\n\n\n\n<p class=\"has-text-color\" style=\"color:#098628;font-size:16px\"><strong><em>Valves \u00e9lectriques<\/em><\/strong><\/p>\n\n\n\n<div class=\"is-layout-flex wp-container-10 wp-block-columns\">\n<div class=\"is-layout-flow wp-block-column\" style=\"flex-basis:100%\"><div class=\"wp-block-image\">\n<figure class=\"alignright is-resized\"><img decoding=\"async\" loading=\"lazy\" src=\"http:\/\/www.senergy.fr\/images\/produits\/oilsistem\/oilvalv1.jpg\" alt=\"Valves \u00e9lectriques 1\" width=\"141\" height=\"88\"\/><\/figure><\/div>\n\n<div class=\"wp-block-image\">\n<figure class=\"alignright is-resized\"><img decoding=\"async\" loading=\"lazy\" src=\"http:\/\/www.senergy.fr\/images\/produits\/oilsistem\/oilvalv2.jpg\" alt=\"\" width=\"140\" height=\"78\"\/><\/figure><\/div>\n\n<div class=\"wp-block-image\">\n<figure class=\"alignright is-resized\"><img decoding=\"async\" loading=\"lazy\" src=\"http:\/\/www.senergy.fr\/images\/produits\/oilsistem\/oilvalv3.jpg\" alt=\"Valves \u00e9lectriques 3\" width=\"173\" height=\"76\"\/><\/figure><\/div>\n\n\n<ul style=\"font-size:14px\">\n<li>Pour le contr\u00f4le directionnel des fluides en version 2, 3 ,4 voies et plusieurs positions<\/li>\n\n\n\n<li>D\u00e9bit jusqu&rsquo;\u00e0 150 l\/min. et pression sup\u00e9rieure \u00e0 350 bar<\/li>\n<\/ul>\n\n\n\n<p><\/p>\n<\/div>\n<\/div>\n\n\n\n<p><\/p>\n","protected":false},"excerpt":{"rendered":"<p>Contacts : David VALLERY (dvallery@senergy.fr), Beno\u00eet LALLEMENT (blallement@senergy.fr) Centrales hydrauliques s\u00e9rie M-MR Centrales hydrauliques s\u00e9rie K-KE Centrales hydrauliques s\u00e9rie Z-ZL Centrales hydrauliques s\u00e9rie IM Valves&hellip;<\/p>\n","protected":false},"author":1,"featured_media":0,"parent":0,"menu_order":0,"comment_status":"closed","ping_status":"closed","template":"","meta":[],"_links":{"self":[{"href":"http:\/\/senergy.fr\/WP\/wp-json\/wp\/v2\/pages\/207"}],"collection":[{"href":"http:\/\/senergy.fr\/WP\/wp-json\/wp\/v2\/pages"}],"about":[{"href":"http:\/\/senergy.fr\/WP\/wp-json\/wp\/v2\/types\/page"}],"author":[{"embeddable":true,"href":"http:\/\/senergy.fr\/WP\/wp-json\/wp\/v2\/users\/1"}],"replies":[{"embeddable":true,"href":"http:\/\/senergy.fr\/WP\/wp-json\/wp\/v2\/comments?post=207"}],"version-history":[{"count":8,"href":"http:\/\/senergy.fr\/WP\/wp-json\/wp\/v2\/pages\/207\/revisions"}],"predecessor-version":[{"id":2186,"href":"http:\/\/senergy.fr\/WP\/wp-json\/wp\/v2\/pages\/207\/revisions\/2186"}],"wp:attachment":[{"href":"http:\/\/senergy.fr\/WP\/wp-json\/wp\/v2\/media?parent=207"}],"curies":[{"name":"wp","href":"https:\/\/api.w.org\/{rel}","templated":true}]}}