{"id":211,"date":"2021-05-02T21:19:06","date_gmt":"2021-05-02T19:19:06","guid":{"rendered":"http:\/\/senergy.fr\/WP\/?page_id=211"},"modified":"2025-07-29T11:03:25","modified_gmt":"2025-07-29T09:03:25","slug":"senergy","status":"publish","type":"page","link":"http:\/\/senergy.fr\/WP\/senergy\/","title":{"rendered":"Senergy"},"content":{"rendered":"\n\n\n<p style=\"font-size:17px\">Contact : <strong>David VALLERY<\/strong> (<a href=\"mailto:dvallery@senergy.fr\">dvallery@senergy.fr<\/a>)<\/p>\n\n\n\n<p class=\"has-text-align-justify\">Senergy vous propose une large gamme de<a href=\"http:\/\/senergy.fr\/WP\/rotators-et-crochets\/\" data-type=\"page\" data-id=\"388\"> rotators, crochets<\/a>, et accessoires de pr\u00e9hension (<a href=\"http:\/\/senergy.fr\/WP\/grappins-a-feraille\/\">grappins \u00e0 ferraille<\/a>, <a href=\"http:\/\/senergy.fr\/WP\/grappins-speciaux\/\">grappins sp\u00e9ciaux<\/a>, <a href=\"http:\/\/senergy.fr\/WP\/pinces-a-bois\/\">pinces \u00e0 bois<\/a>, <a href=\"http:\/\/senergy.fr\/WP\/pinces-a-parpaings\/\">pinces \u00e0 parpaings<\/a>, <a href=\"http:\/\/senergy.fr\/WP\/bennes-preneuses\/\">bennes preneuses<\/a>, <a href=\"http:\/\/senergy.fr\/WP\/leve-palettes-et-leve-palettes-hydrauliques\/\" data-type=\"page\" data-id=\"389\">l\u00e8ve-palettes<\/a>, etc&#8230;).<\/p>\n\n\n\n<p><\/p>\n","protected":false},"excerpt":{"rendered":"<p>Contact : David VALLERY (dvallery@senergy.fr) Senergy vous propose une large gamme de rotators, crochets, et accessoires de pr\u00e9hension (grappins \u00e0 ferraille, grappins sp\u00e9ciaux, pinces \u00e0&hellip;<\/p>\n","protected":false},"author":1,"featured_media":0,"parent":0,"menu_order":0,"comment_status":"closed","ping_status":"closed","template":"","meta":[],"_links":{"self":[{"href":"http:\/\/senergy.fr\/WP\/wp-json\/wp\/v2\/pages\/211"}],"collection":[{"href":"http:\/\/senergy.fr\/WP\/wp-json\/wp\/v2\/pages"}],"about":[{"href":"http:\/\/senergy.fr\/WP\/wp-json\/wp\/v2\/types\/page"}],"author":[{"embeddable":true,"href":"http:\/\/senergy.fr\/WP\/wp-json\/wp\/v2\/users\/1"}],"replies":[{"embeddable":true,"href":"http:\/\/senergy.fr\/WP\/wp-json\/wp\/v2\/comments?post=211"}],"version-history":[{"count":11,"href":"http:\/\/senergy.fr\/WP\/wp-json\/wp\/v2\/pages\/211\/revisions"}],"predecessor-version":[{"id":2696,"href":"http:\/\/senergy.fr\/WP\/wp-json\/wp\/v2\/pages\/211\/revisions\/2696"}],"wp:attachment":[{"href":"http:\/\/senergy.fr\/WP\/wp-json\/wp\/v2\/media?parent=211"}],"curies":[{"name":"wp","href":"https:\/\/api.w.org\/{rel}","templated":true}]}}