{"id":213,"date":"2021-05-02T21:19:25","date_gmt":"2021-05-02T19:19:25","guid":{"rendered":"http:\/\/senergy.fr\/WP\/?page_id=213"},"modified":"2023-09-08T12:02:49","modified_gmt":"2023-09-08T10:02:49","slug":"enrouleurs-demac","status":"publish","type":"page","link":"http:\/\/senergy.fr\/WP\/enrouleurs-demac\/","title":{"rendered":"Enrouleurs pour engins mobiles"},"content":{"rendered":"\n\n\n<p style=\"font-size:16px\">Contacts : <strong>David VALLERY<\/strong>\u00a0(<a href=\"mailto:tdoublemard@senergy.fr\">dvallery@senergy.fr<\/a>) ou <strong>Jos\u00e9 CHAROY<\/strong>\u00a0(<a href=\"mailto:tdoublemard@senergy.fr\">jcharoy@senergy.fr<\/a>)<\/p>\n\n\n\n<p class=\"has-text-align-justify\" style=\"font-size:14px\">Demac vous propose une gamme industrielle et professionnelle d&rsquo;enrouleurs automatiques ou motoris\u00e9s.<\/p>\n\n\n\n<p class=\"has-text-align-justify\" style=\"font-size:14px\">Pour les enrouleurs hydrauliques et \u00e9lectrohydrauliques, 1 \u00e0 6 flexibles sont disponibles pour des longueurs allant de 2 \u00e0 50 m\u00e8tres en standard.<\/p>\n\n\n\n<p class=\"has-text-align-justify\" style=\"font-size:14px\">Pour les enrouleurs \u00e9lectriques avec c\u00e2bles, nous vous proposons 2 \u00e0 36 fils pour des longueurs allant de 2 \u00e0 50 m\u00e8tres.<\/p>\n\n\n\n<p class=\"has-text-align-justify\" style=\"font-size:14px\"><strong>Nous pouvons vous proposer des possibilit\u00e9s d&rsquo;enrouleurs sur mesure sur base de votre cahier des charges.<\/strong><\/p>\n\n\n\n<p class=\"has-text-color\" style=\"color:#098628;font-size:16px\"><strong><em>Enrouleurs s\u00e9rie AG\/F<\/em><\/strong><\/p>\n\n\n\n<div class=\"wp-block-media-text alignwide is-stacked-on-mobile\" style=\"grid-template-columns:16% auto\"><figure class=\"wp-block-media-text__media\"><img decoding=\"async\" loading=\"lazy\" width=\"358\" height=\"379\" src=\"http:\/\/senergy.fr\/WP\/wp-content\/uploads\/2021\/06\/demac-enrouleurs-type-AG-F-2-tuyaux-avec-bride-plate-1.png\" alt=\"\" class=\"wp-image-1148 size-full\" srcset=\"http:\/\/senergy.fr\/WP\/wp-content\/uploads\/2021\/06\/demac-enrouleurs-type-AG-F-2-tuyaux-avec-bride-plate-1.png 358w, http:\/\/senergy.fr\/WP\/wp-content\/uploads\/2021\/06\/demac-enrouleurs-type-AG-F-2-tuyaux-avec-bride-plate-1-283x300.png 283w\" sizes=\"(max-width: 358px) 100vw, 358px\" \/><\/figure><div class=\"wp-block-media-text__content\">\n<p style=\"font-size:16px\">Fiche technique : <a href=\"http:\/\/senergy.fr\/WP\/wp-content\/uploads\/2021\/06\/Enrouleur-Serie-AG-F-270-a-470.pdf\" target=\"_blank\" rel=\"noreferrer noopener\">Enrouleurs AG\/F 270 \u00e0 470<\/a><\/p>\n\n\n\n<p style=\"font-size:16px\">Fiche technique : <a href=\"http:\/\/senergy.fr\/WP\/wp-content\/uploads\/2021\/06\/Enrouleur-Serie-AG-F-520-a-800.pdf\" target=\"_blank\" rel=\"noreferrer noopener\">Enrouleurs AG\/F 520 \u00e0 800<\/a><\/p>\n<\/div><\/div>\n\n\n\n<p><\/p>\n\n\n\n<p class=\"has-text-color\" style=\"color:#098628;font-size:16px\"><strong><em>Enrouleurs s\u00e9rie AG Standard<\/em><\/strong><\/p>\n\n\n\n<div class=\"wp-block-media-text alignwide is-stacked-on-mobile\" style=\"grid-template-columns:17% auto\"><figure class=\"wp-block-media-text__media\"><img decoding=\"async\" loading=\"lazy\" width=\"461\" height=\"465\" src=\"http:\/\/senergy.fr\/WP\/wp-content\/uploads\/2021\/06\/Demac-enrouleur-type-AG-2-tuyaux-serie-standard-2.png\" alt=\"\" class=\"wp-image-1149 size-full\" srcset=\"http:\/\/senergy.fr\/WP\/wp-content\/uploads\/2021\/06\/Demac-enrouleur-type-AG-2-tuyaux-serie-standard-2.png 461w, http:\/\/senergy.fr\/WP\/wp-content\/uploads\/2021\/06\/Demac-enrouleur-type-AG-2-tuyaux-serie-standard-2-297x300.png 297w, http:\/\/senergy.fr\/WP\/wp-content\/uploads\/2021\/06\/Demac-enrouleur-type-AG-2-tuyaux-serie-standard-2-150x150.png 150w\" sizes=\"(max-width: 461px) 100vw, 461px\" \/><\/figure><div class=\"wp-block-media-text__content\">\n<p style=\"font-size:16px\">Fiche technique : <a href=\"http:\/\/senergy.fr\/WP\/wp-content\/uploads\/2021\/06\/Enrouleur-Serie-AG-Standard-296-a-470.pdf\" target=\"_blank\" rel=\"noreferrer noopener\">Enrouleurs AG Standard 296 \u00e0 470<\/a><\/p>\n\n\n\n<p style=\"font-size:16px\">Fiche technique : <a href=\"http:\/\/senergy.fr\/WP\/wp-content\/uploads\/2021\/06\/Enrouleur-Serie-AG-STandard-520-a-1000.pdf\" target=\"_blank\" rel=\"noreferrer noopener\">Enrouleurs AG Standard 520 \u00e0 1000<\/a><\/p>\n<\/div><\/div>\n\n\n\n<p><\/p>\n\n\n\n<p class=\"has-text-color\" style=\"color:#098628;font-size:16px\"><strong><em>Enrouleurs s\u00e9rie AG Compact<\/em><\/strong><\/p>\n\n\n\n<div class=\"wp-block-media-text alignwide is-stacked-on-mobile\" style=\"grid-template-columns:16% auto\"><figure class=\"wp-block-media-text__media\"><img decoding=\"async\" loading=\"lazy\" width=\"394\" height=\"482\" src=\"http:\/\/senergy.fr\/WP\/wp-content\/uploads\/2021\/06\/demac-enrouleur-type-AG-compact-2-tuyaux-1.png\" alt=\"\" class=\"wp-image-1150 size-full\" srcset=\"http:\/\/senergy.fr\/WP\/wp-content\/uploads\/2021\/06\/demac-enrouleur-type-AG-compact-2-tuyaux-1.png 394w, http:\/\/senergy.fr\/WP\/wp-content\/uploads\/2021\/06\/demac-enrouleur-type-AG-compact-2-tuyaux-1-245x300.png 245w\" sizes=\"(max-width: 394px) 100vw, 394px\" \/><\/figure><div class=\"wp-block-media-text__content\">\n<p style=\"font-size:16px\">Fiche technique : <a rel=\"noreferrer noopener\" href=\"http:\/\/senergy.fr\/WP\/wp-content\/uploads\/2021\/06\/Enrouleur-Serie-AG-Compact-200-a-340.pdf\" target=\"_blank\">Enrouleurs AG Compact 200 \u00e0 400<\/a><\/p>\n<\/div><\/div>\n\n\n\n<p><\/p>\n\n\n\n<p class=\"has-text-color\" style=\"color:#098628;font-size:16px\"><strong><em>Enrouleurs s\u00e9rie A4 Compact<\/em><\/strong><\/p>\n\n\n\n<div class=\"wp-block-media-text alignwide is-stacked-on-mobile\" style=\"grid-template-columns:17% auto\"><figure class=\"wp-block-media-text__media\"><img decoding=\"async\" loading=\"lazy\" width=\"416\" height=\"452\" src=\"http:\/\/senergy.fr\/WP\/wp-content\/uploads\/2021\/06\/demac-enrouleur-type-A4-compact-4-tuyaux-1.png\" alt=\"\" class=\"wp-image-1151 size-full\" srcset=\"http:\/\/senergy.fr\/WP\/wp-content\/uploads\/2021\/06\/demac-enrouleur-type-A4-compact-4-tuyaux-1.png 416w, http:\/\/senergy.fr\/WP\/wp-content\/uploads\/2021\/06\/demac-enrouleur-type-A4-compact-4-tuyaux-1-276x300.png 276w\" sizes=\"(max-width: 416px) 100vw, 416px\" \/><\/figure><div class=\"wp-block-media-text__content\">\n<p style=\"font-size:16px\">Fiche technique : <a href=\"http:\/\/senergy.fr\/WP\/wp-content\/uploads\/2021\/06\/Enrouleur-Serie-A4-Compact-230-a-340.pdf\" target=\"_blank\" rel=\"noreferrer noopener\">Enrouleurs A4 Compact 230 \u00e0 340<\/a><\/p>\n<\/div><\/div>\n\n\n\n<p><\/p>\n\n\n\n<p class=\"has-text-color\" style=\"color:#098628;font-size:16px\"><strong><em>Enrouleurs s\u00e9rie A4<\/em><\/strong><\/p>\n\n\n\n<div class=\"wp-block-media-text alignwide is-stacked-on-mobile\" style=\"grid-template-columns:17% auto\"><figure class=\"wp-block-media-text__media\"><img decoding=\"async\" loading=\"lazy\" width=\"210\" height=\"264\" src=\"http:\/\/senergy.fr\/WP\/wp-content\/uploads\/2021\/06\/demac-enrouleurs-type-A4-4-tuyaux-serie-standard-1.jpg\" alt=\"\" class=\"wp-image-1152 size-full\"\/><\/figure><div class=\"wp-block-media-text__content\">\n<p style=\"font-size:16px\">Fiche technique : <a href=\"http:\/\/senergy.fr\/WP\/wp-content\/uploads\/2021\/06\/Enrouleur-Serie-A4-296-a-800.pdf\" target=\"_blank\" rel=\"noreferrer noopener\">Enrouleurs A4 296 \u00e0 800<\/a><\/p>\n<\/div><\/div>\n","protected":false},"excerpt":{"rendered":"<p>Contacts : David VALLERY\u00a0(dvallery@senergy.fr) ou Jos\u00e9 CHAROY\u00a0(jcharoy@senergy.fr) Demac vous propose une gamme industrielle et professionnelle d&rsquo;enrouleurs automatiques ou motoris\u00e9s. Pour les enrouleurs hydrauliques et \u00e9lectrohydrauliques,&hellip;<\/p>\n","protected":false},"author":1,"featured_media":0,"parent":0,"menu_order":0,"comment_status":"closed","ping_status":"closed","template":"","meta":[],"_links":{"self":[{"href":"http:\/\/senergy.fr\/WP\/wp-json\/wp\/v2\/pages\/213"}],"collection":[{"href":"http:\/\/senergy.fr\/WP\/wp-json\/wp\/v2\/pages"}],"about":[{"href":"http:\/\/senergy.fr\/WP\/wp-json\/wp\/v2\/types\/page"}],"author":[{"embeddable":true,"href":"http:\/\/senergy.fr\/WP\/wp-json\/wp\/v2\/users\/1"}],"replies":[{"embeddable":true,"href":"http:\/\/senergy.fr\/WP\/wp-json\/wp\/v2\/comments?post=213"}],"version-history":[{"count":21,"href":"http:\/\/senergy.fr\/WP\/wp-json\/wp\/v2\/pages\/213\/revisions"}],"predecessor-version":[{"id":2690,"href":"http:\/\/senergy.fr\/WP\/wp-json\/wp\/v2\/pages\/213\/revisions\/2690"}],"wp:attachment":[{"href":"http:\/\/senergy.fr\/WP\/wp-json\/wp\/v2\/media?parent=213"}],"curies":[{"name":"wp","href":"https:\/\/api.w.org\/{rel}","templated":true}]}}