{"id":217,"date":"2021-05-02T21:20:12","date_gmt":"2021-05-02T19:20:12","guid":{"rendered":"http:\/\/senergy.fr\/WP\/?page_id=217"},"modified":"2023-09-08T12:02:16","modified_gmt":"2023-09-08T10:02:16","slug":"echangeurs-refroidisseurs-oesse","status":"publish","type":"page","link":"http:\/\/senergy.fr\/WP\/echangeurs-refroidisseurs-oesse\/","title":{"rendered":"Echangeurs refroidisseurs"},"content":{"rendered":"\n\n\n<p style=\"font-size:16px\">Contacts : <strong>David VALLERY<\/strong>\u00a0(<a href=\"mailto:tdoublemard@senergy.fr\">dvallery@senergy.fr<\/a>) ou <strong>Jos\u00e9 CHAROY<\/strong>\u00a0(<a href=\"mailto:tdoublemard@senergy.fr\">jcharoy@senergy.fr<\/a>)<\/p>\n\n\n\n<p class=\"has-text-align-justify\" style=\"font-size:14px\">Depuis plus de 30 ans, Senergy propose une gamme tr\u00e8s compl\u00e8te d\u2019\u00e9changeurs de chaleur standards et adapt\u00e9s \u00e0 vos besoins. Ces \u00e9changeurs, con\u00e7us avec les meilleurs mat\u00e9riaux, sont \u00e0 m\u00eame de remplir toute demande particuli\u00e8re, quelle soit pour des applications standards, ou des applications sur mesure.<\/p>\n\n\n\n<p style=\"font-size:14px\"><strong><strong>Envoyez nous votre demande ou votre cahier des charges, nous y r\u00e9pondrons.<\/strong><\/strong><\/p>\n\n\n\n<div class=\"wp-block-media-text alignwide is-stacked-on-mobile\" style=\"grid-template-columns:24% auto\"><figure class=\"wp-block-media-text__media\"><img decoding=\"async\" loading=\"lazy\" width=\"702\" height=\"609\" src=\"http:\/\/senergy.fr\/WP\/wp-content\/uploads\/2021\/06\/refroidisseur-1.jpg\" alt=\"\" class=\"wp-image-1122 size-full\" srcset=\"http:\/\/senergy.fr\/WP\/wp-content\/uploads\/2021\/06\/refroidisseur-1.jpg 702w, http:\/\/senergy.fr\/WP\/wp-content\/uploads\/2021\/06\/refroidisseur-1-300x260.jpg 300w\" sizes=\"(max-width: 702px) 100vw, 702px\" \/><\/figure><div class=\"wp-block-media-text__content\">\n<p style=\"font-size:16px\">Fiche technique : <a rel=\"noreferrer noopener\" href=\"http:\/\/senergy.fr\/WP\/wp-content\/uploads\/2021\/06\/Echangeurs.pdf\" target=\"_blank\"><strong>Echangeurs Air\/Huile Hautes Performances<\/strong><\/a> + <a rel=\"noreferrer noopener\" href=\"http:\/\/senergy.fr\/WP\/wp-content\/uploads\/2021\/06\/Cotes.pdf\" target=\"_blank\">C\u00f4tes<\/a><\/p>\n<\/div><\/div>\n\n\n\n<p><\/p>\n","protected":false},"excerpt":{"rendered":"<p>Contacts : David VALLERY\u00a0(dvallery@senergy.fr) ou Jos\u00e9 CHAROY\u00a0(jcharoy@senergy.fr) Depuis plus de 30 ans, Senergy propose une gamme tr\u00e8s compl\u00e8te d\u2019\u00e9changeurs de chaleur standards et adapt\u00e9s \u00e0&hellip;<\/p>\n","protected":false},"author":1,"featured_media":0,"parent":0,"menu_order":0,"comment_status":"closed","ping_status":"closed","template":"","meta":[],"_links":{"self":[{"href":"http:\/\/senergy.fr\/WP\/wp-json\/wp\/v2\/pages\/217"}],"collection":[{"href":"http:\/\/senergy.fr\/WP\/wp-json\/wp\/v2\/pages"}],"about":[{"href":"http:\/\/senergy.fr\/WP\/wp-json\/wp\/v2\/types\/page"}],"author":[{"embeddable":true,"href":"http:\/\/senergy.fr\/WP\/wp-json\/wp\/v2\/users\/1"}],"replies":[{"embeddable":true,"href":"http:\/\/senergy.fr\/WP\/wp-json\/wp\/v2\/comments?post=217"}],"version-history":[{"count":15,"href":"http:\/\/senergy.fr\/WP\/wp-json\/wp\/v2\/pages\/217\/revisions"}],"predecessor-version":[{"id":2681,"href":"http:\/\/senergy.fr\/WP\/wp-json\/wp\/v2\/pages\/217\/revisions\/2681"}],"wp:attachment":[{"href":"http:\/\/senergy.fr\/WP\/wp-json\/wp\/v2\/media?parent=217"}],"curies":[{"name":"wp","href":"https:\/\/api.w.org\/{rel}","templated":true}]}}