{"id":222,"date":"2021-05-02T21:21:10","date_gmt":"2021-05-02T19:21:10","guid":{"rendered":"http:\/\/senergy.fr\/WP\/?page_id=222"},"modified":"2025-07-29T17:05:22","modified_gmt":"2025-07-29T15:05:22","slug":"outils-divers","status":"publish","type":"page","link":"http:\/\/senergy.fr\/WP\/outils-divers\/","title":{"rendered":"Outils divers"},"content":{"rendered":"\n\n\n<p style=\"font-size:16px\">Contacts :\u00a0<strong>David VALLERY<\/strong>\u00a0(<a href=\"mailto:tdoublemard@senergy.fr\">dvallery@senergy.fr<\/a>), <strong>Jos\u00e9 CHAROY<\/strong>\u00a0(<a href=\"mailto:tdoublemard@senergy.fr\">jcharoy@senergy.fr<\/a>), ou <strong>Emeric BAUDOUIN<\/strong> (<a href=\"mailto:ebaudouin@senergy.fr\">ebaudouin@senergy.fr<\/a>)  <\/p>\n\n\n\n<p style=\"font-size:14px\">Nous vous proposons un large choix d&rsquo;outils sp\u00e9cifiques tels que des pinces \u00e0 roches, tri, grappins \u00e0 ferraille, bennes preneuses de terrassement, etc.<\/p>\n\n\n\n<p style=\"font-size:14px\">Plus de produits sont \u00e9galement disponibles sur demande.<\/p>\n\n\n<div class=\"wp-block-image\">\n<figure class=\"alignleft size-large is-resized\"><img decoding=\"async\" loading=\"lazy\" src=\"http:\/\/senergy.fr\/WP\/wp-content\/uploads\/2021\/05\/image-3.png\" alt=\"\" class=\"wp-image-483\" width=\"233\" height=\"211\" srcset=\"http:\/\/senergy.fr\/WP\/wp-content\/uploads\/2021\/05\/image-3.png 439w, http:\/\/senergy.fr\/WP\/wp-content\/uploads\/2021\/05\/image-3-300x271.png 300w\" sizes=\"(max-width: 233px) 100vw, 233px\" \/><\/figure><\/div>\n\n<div class=\"wp-block-image\">\n<figure class=\"alignleft size-large is-resized\"><img decoding=\"async\" loading=\"lazy\" src=\"http:\/\/senergy.fr\/WP\/wp-content\/uploads\/2021\/05\/image-4.png\" alt=\"\" class=\"wp-image-484\" width=\"217\" height=\"229\" srcset=\"http:\/\/senergy.fr\/WP\/wp-content\/uploads\/2021\/05\/image-4.png 340w, http:\/\/senergy.fr\/WP\/wp-content\/uploads\/2021\/05\/image-4-284x300.png 284w\" sizes=\"(max-width: 217px) 100vw, 217px\" \/><\/figure><\/div>\n\n\n<figure class=\"wp-block-image size-large is-resized\"><img decoding=\"async\" loading=\"lazy\" src=\"http:\/\/senergy.fr\/WP\/wp-content\/uploads\/2021\/07\/image-3.png\" alt=\"\" class=\"wp-image-1575\" width=\"220\" height=\"223\" srcset=\"http:\/\/senergy.fr\/WP\/wp-content\/uploads\/2021\/07\/image-3.png 284w, http:\/\/senergy.fr\/WP\/wp-content\/uploads\/2021\/07\/image-3-24x24.png 24w, http:\/\/senergy.fr\/WP\/wp-content\/uploads\/2021\/07\/image-3-36x36.png 36w, http:\/\/senergy.fr\/WP\/wp-content\/uploads\/2021\/07\/image-3-48x48.png 48w\" sizes=\"(max-width: 220px) 100vw, 220px\" \/><\/figure>\n","protected":false},"excerpt":{"rendered":"<p>Contacts :\u00a0David VALLERY\u00a0(dvallery@senergy.fr), Jos\u00e9 CHAROY\u00a0(jcharoy@senergy.fr), ou Emeric BAUDOUIN (ebaudouin@senergy.fr) Nous vous proposons un large choix d&rsquo;outils sp\u00e9cifiques tels que des pinces \u00e0 roches, tri, grappins&hellip;<\/p>\n","protected":false},"author":1,"featured_media":0,"parent":0,"menu_order":0,"comment_status":"closed","ping_status":"closed","template":"","meta":[],"_links":{"self":[{"href":"http:\/\/senergy.fr\/WP\/wp-json\/wp\/v2\/pages\/222"}],"collection":[{"href":"http:\/\/senergy.fr\/WP\/wp-json\/wp\/v2\/pages"}],"about":[{"href":"http:\/\/senergy.fr\/WP\/wp-json\/wp\/v2\/types\/page"}],"author":[{"embeddable":true,"href":"http:\/\/senergy.fr\/WP\/wp-json\/wp\/v2\/users\/1"}],"replies":[{"embeddable":true,"href":"http:\/\/senergy.fr\/WP\/wp-json\/wp\/v2\/comments?post=222"}],"version-history":[{"count":13,"href":"http:\/\/senergy.fr\/WP\/wp-json\/wp\/v2\/pages\/222\/revisions"}],"predecessor-version":[{"id":2728,"href":"http:\/\/senergy.fr\/WP\/wp-json\/wp\/v2\/pages\/222\/revisions\/2728"}],"wp:attachment":[{"href":"http:\/\/senergy.fr\/WP\/wp-json\/wp\/v2\/media?parent=222"}],"curies":[{"name":"wp","href":"https:\/\/api.w.org\/{rel}","templated":true}]}}