{"id":378,"date":"2021-05-12T09:35:05","date_gmt":"2021-05-12T07:35:05","guid":{"rendered":"http:\/\/senergy.fr\/WP\/?page_id=378"},"modified":"2025-08-01T15:15:18","modified_gmt":"2025-08-01T13:15:18","slug":"capteurs","status":"publish","type":"page","link":"http:\/\/senergy.fr\/WP\/capteurs\/","title":{"rendered":"Capteurs"},"content":{"rendered":"\n<p style=\"font-size:16px\">Contact : <strong>David VALLERY<\/strong> (<a href=\"mailto:dvallery@senergy.fr\">dvallery@senergy.fr<\/a>)<\/p>\n\n\n\n<p class=\"has-text-color\" style=\"color:#098628;font-size:16px\"><strong><em>Indicateurs de niveau digital &#8211; S\u00e9rie IDXYmP-MkII<\/em><\/strong><\/p>\n\n\n\n<div class=\"wp-block-media-text alignwide is-stacked-on-mobile\" style=\"grid-template-columns:15% auto\"><figure class=\"wp-block-media-text__media\"><img decoding=\"async\" loading=\"lazy\" width=\"450\" height=\"465\" src=\"http:\/\/senergy.fr\/WP\/wp-content\/uploads\/2021\/06\/detecteur-de-devers.jpg\" alt=\"\" class=\"wp-image-872 size-full\" srcset=\"http:\/\/senergy.fr\/WP\/wp-content\/uploads\/2021\/06\/detecteur-de-devers.jpg 450w, http:\/\/senergy.fr\/WP\/wp-content\/uploads\/2021\/06\/detecteur-de-devers-290x300.jpg 290w\" sizes=\"(max-width: 450px) 100vw, 450px\" \/><\/figure><div class=\"wp-block-media-text__content\">\n<p style=\"font-size:16px\"><a href=\"http:\/\/senergy.fr\/WP\/wp-content\/uploads\/2021\/06\/FICHE-COMMERCIALE-DETECTEUR-DE-DEVERS-IDXYmP-MkII-Plb-ou-Pld.pdf\" target=\"_blank\" rel=\"noreferrer noopener\">Fiche technique d\u00e9tecteur de d\u00e9vers programmable IDXY-MkII Plb ou Pld<\/a><\/p>\n<\/div><\/div>\n\n\n\n<div class=\"wp-block-media-text alignwide is-stacked-on-mobile\" style=\"grid-template-columns:15% auto\"><figure class=\"wp-block-media-text__media\"><img decoding=\"async\" loading=\"lazy\" width=\"343\" height=\"342\" src=\"http:\/\/senergy.fr\/WP\/wp-content\/uploads\/2021\/06\/Capture-decran-2021-06-04-095439.png\" alt=\"\" class=\"wp-image-876 size-full\" srcset=\"http:\/\/senergy.fr\/WP\/wp-content\/uploads\/2021\/06\/Capture-decran-2021-06-04-095439.png 343w, http:\/\/senergy.fr\/WP\/wp-content\/uploads\/2021\/06\/Capture-decran-2021-06-04-095439-300x300.png 300w, http:\/\/senergy.fr\/WP\/wp-content\/uploads\/2021\/06\/Capture-decran-2021-06-04-095439-150x150.png 150w\" sizes=\"(max-width: 343px) 100vw, 343px\" \/><\/figure><div class=\"wp-block-media-text__content\">\n<p style=\"font-size:16px\"><a href=\"http:\/\/senergy.fr\/WP\/wp-content\/uploads\/2021\/06\/FICHE-COMMERCIALE-CAPTEUR-DANGLE-TAC-SP.pdf\" target=\"_blank\" rel=\"noreferrer noopener\">Fiche technique capteur d&rsquo;angle TAC ou SP<\/a><\/p>\n<\/div><\/div>\n\n\n\n<p><\/p>\n\n\n\n<p class=\"has-text-color\" style=\"color:#098628;font-size:16px\"><strong><em>Capteurs d&rsquo;angle et longueur<\/em><\/strong><\/p>\n\n\n\n<div class=\"wp-block-media-text alignwide is-stacked-on-mobile\" style=\"grid-template-columns:16% auto\"><figure class=\"wp-block-media-text__media\"><img decoding=\"async\" loading=\"lazy\" width=\"356\" height=\"247\" src=\"http:\/\/senergy.fr\/WP\/wp-content\/uploads\/2021\/06\/Capteur-ALu.png\" alt=\"\" class=\"wp-image-884 size-full\" srcset=\"http:\/\/senergy.fr\/WP\/wp-content\/uploads\/2021\/06\/Capteur-ALu.png 356w, http:\/\/senergy.fr\/WP\/wp-content\/uploads\/2021\/06\/Capteur-ALu-300x208.png 300w\" sizes=\"(max-width: 356px) 100vw, 356px\" \/><\/figure><div class=\"wp-block-media-text__content\">\n<p style=\"font-size:16px\"><a href=\"http:\/\/senergy.fr\/WP\/wp-content\/uploads\/2021\/06\/FICHE-COMMERCIAL-CAPTEUR-DANGLE-ET-LONGUEUR-ALu.pdf\" target=\"_blank\" rel=\"noreferrer noopener\">Fiche technique capteur d&rsquo;angle et longueur &#8211; S\u00e9rie ALu<\/a><\/p>\n<\/div><\/div>\n\n\n\n<div class=\"wp-block-media-text alignwide is-stacked-on-mobile\" style=\"grid-template-columns:16% auto\"><figure class=\"wp-block-media-text__media\"><img decoding=\"async\" loading=\"lazy\" width=\"443\" height=\"459\" src=\"http:\/\/senergy.fr\/WP\/wp-content\/uploads\/2021\/06\/Capteur-AL.png\" alt=\"\" class=\"wp-image-886 size-full\" srcset=\"http:\/\/senergy.fr\/WP\/wp-content\/uploads\/2021\/06\/Capteur-AL.png 443w, http:\/\/senergy.fr\/WP\/wp-content\/uploads\/2021\/06\/Capteur-AL-290x300.png 290w\" sizes=\"(max-width: 443px) 100vw, 443px\" \/><\/figure><div class=\"wp-block-media-text__content\">\n<p style=\"font-size:16px\"><a href=\"http:\/\/senergy.fr\/WP\/wp-content\/uploads\/2021\/06\/FICHE-COMMERCIALE-CAPTEUR-DANGLE-AL.pdf\" target=\"_blank\" rel=\"noreferrer noopener\">Fiche technique capteur d&rsquo;angle et longueur &#8211; S\u00e9rie A\/L<\/a><\/p>\n<\/div><\/div>\n\n\n\n<div class=\"wp-block-media-text alignwide is-stacked-on-mobile\" style=\"grid-template-columns:17% auto\"><figure class=\"wp-block-media-text__media\"><img decoding=\"async\" loading=\"lazy\" width=\"488\" height=\"376\" src=\"http:\/\/senergy.fr\/WP\/wp-content\/uploads\/2021\/06\/Tlu.png\" alt=\"\" class=\"wp-image-891 size-full\" srcset=\"http:\/\/senergy.fr\/WP\/wp-content\/uploads\/2021\/06\/Tlu.png 488w, http:\/\/senergy.fr\/WP\/wp-content\/uploads\/2021\/06\/Tlu-300x231.png 300w\" sizes=\"(max-width: 488px) 100vw, 488px\" \/><\/figure><div class=\"wp-block-media-text__content\">\n<p style=\"font-size:16px\"><a href=\"http:\/\/senergy.fr\/WP\/wp-content\/uploads\/2025\/08\/FICHE-COMMERCIALE-CAPTEURS-DE-LONGUEUR-TLu.pdf\" target=\"_blank\" rel=\"noreferrer noopener\">Fiche technique capteur de longueur &#8211; S\u00e9rie Tlu<\/a><\/p>\n<\/div><\/div>\n\n\n\n<p><\/p>\n\n\n\n<p class=\"has-text-color\" style=\"color:#098628;font-size:16px\"><em><strong>Capteurs de d\u00e9formation<\/strong><\/em><\/p>\n\n\n\n<div class=\"wp-block-media-text alignwide is-stacked-on-mobile\" style=\"grid-template-columns:17% auto\"><figure class=\"wp-block-media-text__media\"><img decoding=\"async\" loading=\"lazy\" width=\"222\" height=\"169\" src=\"http:\/\/senergy.fr\/WP\/wp-content\/uploads\/2021\/06\/TD060.png\" alt=\"\" class=\"wp-image-903 size-full\"\/><\/figure><div class=\"wp-block-media-text__content\">\n<p style=\"font-size:16px\"><a href=\"http:\/\/senergy.fr\/WP\/wp-content\/uploads\/2021\/06\/FICHE-COMMERCIALE-CAPTEURS-DEFORMATION-TD060.pdf\" target=\"_blank\" rel=\"noreferrer noopener\">Fiche technique capteur de d\u00e9formation &#8211; S\u00e9rie TD060<\/a><\/p>\n<\/div><\/div>\n\n\n\n<div class=\"wp-block-media-text alignwide is-stacked-on-mobile\" style=\"grid-template-columns:20% auto\"><figure class=\"wp-block-media-text__media\"><img decoding=\"async\" loading=\"lazy\" width=\"1024\" height=\"768\" src=\"http:\/\/senergy.fr\/WP\/wp-content\/uploads\/2021\/06\/Capteur-de-deformation-1024x768.png\" alt=\"\" class=\"wp-image-1411 size-full\" srcset=\"http:\/\/senergy.fr\/WP\/wp-content\/uploads\/2021\/06\/Capteur-de-deformation-1024x768.png 1024w, http:\/\/senergy.fr\/WP\/wp-content\/uploads\/2021\/06\/Capteur-de-deformation-300x225.png 300w, http:\/\/senergy.fr\/WP\/wp-content\/uploads\/2021\/06\/Capteur-de-deformation-768x576.png 768w, http:\/\/senergy.fr\/WP\/wp-content\/uploads\/2021\/06\/Capteur-de-deformation-1536x1152.png 1536w, http:\/\/senergy.fr\/WP\/wp-content\/uploads\/2021\/06\/Capteur-de-deformation-2048x1536.png 2048w, http:\/\/senergy.fr\/WP\/wp-content\/uploads\/2021\/06\/Capteur-de-deformation-24x18.png 24w, http:\/\/senergy.fr\/WP\/wp-content\/uploads\/2021\/06\/Capteur-de-deformation-36x27.png 36w, http:\/\/senergy.fr\/WP\/wp-content\/uploads\/2021\/06\/Capteur-de-deformation-48x36.png 48w\" sizes=\"(max-width: 1024px) 100vw, 1024px\" \/><\/figure><div class=\"wp-block-media-text__content\">\n<p style=\"font-size:16px\"><a href=\"http:\/\/senergy.fr\/WP\/wp-content\/uploads\/2021\/06\/FICHE-COMMERCIALE-CAPTEURS-DEFORMATION-TD145.pdf\" target=\"_blank\" rel=\"noreferrer noopener\">Fiche technique capteur de d\u00e9formation &#8211; S\u00e9rie TD145<\/a><\/p>\n<\/div><\/div>\n\n\n\n<div class=\"wp-block-media-text alignwide is-stacked-on-mobile\" style=\"grid-template-columns:19% auto\"><figure class=\"wp-block-media-text__media\"><img decoding=\"async\" loading=\"lazy\" width=\"1024\" height=\"768\" src=\"http:\/\/senergy.fr\/WP\/wp-content\/uploads\/2021\/06\/Capteur-de-deformation-1-1024x768.png\" alt=\"\" class=\"wp-image-1412 size-full\" srcset=\"http:\/\/senergy.fr\/WP\/wp-content\/uploads\/2021\/06\/Capteur-de-deformation-1-1024x768.png 1024w, http:\/\/senergy.fr\/WP\/wp-content\/uploads\/2021\/06\/Capteur-de-deformation-1-300x225.png 300w, http:\/\/senergy.fr\/WP\/wp-content\/uploads\/2021\/06\/Capteur-de-deformation-1-768x576.png 768w, http:\/\/senergy.fr\/WP\/wp-content\/uploads\/2021\/06\/Capteur-de-deformation-1-1536x1152.png 1536w, http:\/\/senergy.fr\/WP\/wp-content\/uploads\/2021\/06\/Capteur-de-deformation-1-2048x1536.png 2048w, http:\/\/senergy.fr\/WP\/wp-content\/uploads\/2021\/06\/Capteur-de-deformation-1-24x18.png 24w, http:\/\/senergy.fr\/WP\/wp-content\/uploads\/2021\/06\/Capteur-de-deformation-1-36x27.png 36w, http:\/\/senergy.fr\/WP\/wp-content\/uploads\/2021\/06\/Capteur-de-deformation-1-48x36.png 48w\" sizes=\"(max-width: 1024px) 100vw, 1024px\" \/><\/figure><div class=\"wp-block-media-text__content\">\n<p style=\"font-size:16px\"><a href=\"http:\/\/senergy.fr\/WP\/wp-content\/uploads\/2021\/06\/FICHE-COMMERCIALE-CAPTEURS-DEFORMATION-TD300.pdf\" target=\"_blank\" rel=\"noreferrer noopener\">Fiche technique capteur de d\u00e9formation &#8211; S\u00e9rie TD300<\/a><\/p>\n<\/div><\/div>\n\n\n\n<div class=\"wp-block-media-text alignwide is-stacked-on-mobile\" style=\"grid-template-columns:17% auto\"><figure class=\"wp-block-media-text__media\"><img decoding=\"async\" loading=\"lazy\" width=\"315\" height=\"285\" src=\"http:\/\/senergy.fr\/WP\/wp-content\/uploads\/2021\/06\/TT.png\" alt=\"\" class=\"wp-image-913 size-full\" srcset=\"http:\/\/senergy.fr\/WP\/wp-content\/uploads\/2021\/06\/TT.png 315w, http:\/\/senergy.fr\/WP\/wp-content\/uploads\/2021\/06\/TT-300x271.png 300w\" sizes=\"(max-width: 315px) 100vw, 315px\" \/><\/figure><div class=\"wp-block-media-text__content\">\n<p style=\"font-size:16px\"><a href=\"http:\/\/senergy.fr\/WP\/wp-content\/uploads\/2021\/06\/FICHE-COMMERCIALE-CAPTEURS-DEFORMATION-TT.pdf\" target=\"_blank\" rel=\"noreferrer noopener\">Fiche technique capteur de d\u00e9formation &#8211; S\u00e9rie TT<\/a><\/p>\n<\/div><\/div>\n\n\n\n<div class=\"wp-block-media-text alignwide is-stacked-on-mobile\" style=\"grid-template-columns:17% auto\"><figure class=\"wp-block-media-text__media\"><img decoding=\"async\" loading=\"lazy\" width=\"285\" height=\"305\" src=\"http:\/\/senergy.fr\/WP\/wp-content\/uploads\/2021\/06\/TR500-et-TR2500.png\" alt=\"\" class=\"wp-image-919 size-full\" srcset=\"http:\/\/senergy.fr\/WP\/wp-content\/uploads\/2021\/06\/TR500-et-TR2500.png 285w, http:\/\/senergy.fr\/WP\/wp-content\/uploads\/2021\/06\/TR500-et-TR2500-280x300.png 280w\" sizes=\"(max-width: 285px) 100vw, 285px\" \/><\/figure><div class=\"wp-block-media-text__content\">\n<p style=\"font-size:16px\"><a href=\"http:\/\/senergy.fr\/WP\/wp-content\/uploads\/2021\/06\/FICHE-COMMERCIALE-CAPTEURS-DEFORMATION-TR500.pdf\" target=\"_blank\" rel=\"noreferrer noopener\">Fiche technique capteur de traction &#8211; S\u00e9rie TR 500<\/a><\/p>\n\n\n\n<p style=\"font-size:16px\"><a href=\"http:\/\/senergy.fr\/WP\/wp-content\/uploads\/2021\/06\/FICHE-COMMERCIALE-CAPTEURS-DEFORMATION-TR2500.pdf\" target=\"_blank\" rel=\"noreferrer noopener\">Fiche technique capteur de traction &#8211; S\u00e9rie TR 2500<\/a><\/p>\n<\/div><\/div>\n\n\n\n<div class=\"wp-block-media-text alignwide is-stacked-on-mobile\" style=\"grid-template-columns:16% auto\"><figure class=\"wp-block-media-text__media\"><img decoding=\"async\" loading=\"lazy\" width=\"210\" height=\"199\" src=\"http:\/\/senergy.fr\/WP\/wp-content\/uploads\/2021\/06\/Capteurs-speciaux.png\" alt=\"\" class=\"wp-image-920 size-full\"\/><\/figure><div class=\"wp-block-media-text__content\">\n<p style=\"font-size:16px\"><a href=\"http:\/\/senergy.fr\/WP\/wp-content\/uploads\/2021\/06\/FICHE-COMMERCIALE-CAPTEURS-SPECIAUX.pdf\" target=\"_blank\" rel=\"noreferrer noopener\">Fiche technique capteur sp\u00e9ciaux<\/a><\/p>\n<\/div><\/div>\n\n\n\n<p><\/p>\n\n\n\n<p class=\"has-text-color\" style=\"color:#098628;font-size:16px\"><strong><em>Capteur de pression TPAM-TPVM<\/em><\/strong><\/p>\n\n\n\n<div class=\"wp-block-media-text alignwide is-stacked-on-mobile\" style=\"grid-template-columns:17% auto\"><figure class=\"wp-block-media-text__media\"><img decoding=\"async\" loading=\"lazy\" width=\"369\" height=\"196\" src=\"http:\/\/senergy.fr\/WP\/wp-content\/uploads\/2021\/06\/TPAM-TPVM.png\" alt=\"\" class=\"wp-image-924 size-full\" srcset=\"http:\/\/senergy.fr\/WP\/wp-content\/uploads\/2021\/06\/TPAM-TPVM.png 369w, http:\/\/senergy.fr\/WP\/wp-content\/uploads\/2021\/06\/TPAM-TPVM-300x159.png 300w\" sizes=\"(max-width: 369px) 100vw, 369px\" \/><\/figure><div class=\"wp-block-media-text__content\">\n<p style=\"font-size:16px\"><a href=\"http:\/\/senergy.fr\/WP\/wp-content\/uploads\/2021\/06\/FICHE-COMMERCIALE-CAPTEURS-DE-PRESSION-TPAM-TPVM.pdf\" target=\"_blank\" rel=\"noreferrer noopener\">Fiche technique capteur de pression &#8211; S\u00e9rie TPAM-TPVM<\/a><\/p>\n<\/div><\/div>\n","protected":false},"excerpt":{"rendered":"<p>Contact : David VALLERY (dvallery@senergy.fr) Indicateurs de niveau digital &#8211; S\u00e9rie IDXYmP-MkII Fiche technique d\u00e9tecteur de d\u00e9vers programmable IDXY-MkII Plb ou Pld Fiche technique capteur&hellip;<\/p>\n","protected":false},"author":1,"featured_media":0,"parent":0,"menu_order":0,"comment_status":"closed","ping_status":"closed","template":"","meta":[],"_links":{"self":[{"href":"http:\/\/senergy.fr\/WP\/wp-json\/wp\/v2\/pages\/378"}],"collection":[{"href":"http:\/\/senergy.fr\/WP\/wp-json\/wp\/v2\/pages"}],"about":[{"href":"http:\/\/senergy.fr\/WP\/wp-json\/wp\/v2\/types\/page"}],"author":[{"embeddable":true,"href":"http:\/\/senergy.fr\/WP\/wp-json\/wp\/v2\/users\/1"}],"replies":[{"embeddable":true,"href":"http:\/\/senergy.fr\/WP\/wp-json\/wp\/v2\/comments?post=378"}],"version-history":[{"count":28,"href":"http:\/\/senergy.fr\/WP\/wp-json\/wp\/v2\/pages\/378\/revisions"}],"predecessor-version":[{"id":2740,"href":"http:\/\/senergy.fr\/WP\/wp-json\/wp\/v2\/pages\/378\/revisions\/2740"}],"wp:attachment":[{"href":"http:\/\/senergy.fr\/WP\/wp-json\/wp\/v2\/media?parent=378"}],"curies":[{"name":"wp","href":"https:\/\/api.w.org\/{rel}","templated":true}]}}