{"id":379,"date":"2021-05-12T09:35:05","date_gmt":"2021-05-12T07:35:05","guid":{"rendered":"http:\/\/senergy.fr\/WP\/?page_id=379"},"modified":"2023-03-20T17:45:07","modified_gmt":"2023-03-20T16:45:07","slug":"cartes-electroniques","status":"publish","type":"page","link":"http:\/\/senergy.fr\/WP\/cartes-electroniques\/","title":{"rendered":"Cartes \u00e9lectroniques"},"content":{"rendered":"\n<p style=\"font-size:16px\">Contact :<strong> David VALLERY <\/strong>(<a href=\"mailto:dvallery@senergy.fr\">dvallery@senergy.fr<\/a>)<\/p>\n\n\n\n<div class=\"wp-block-media-text alignwide is-stacked-on-mobile\" style=\"grid-template-columns:22% auto\"><figure class=\"wp-block-media-text__media\"><img decoding=\"async\" loading=\"lazy\" width=\"524\" height=\"306\" src=\"http:\/\/senergy.fr\/WP\/wp-content\/uploads\/2021\/06\/LLDM92-1.png\" alt=\"\" class=\"wp-image-856 size-full\" srcset=\"http:\/\/senergy.fr\/WP\/wp-content\/uploads\/2021\/06\/LLDM92-1.png 524w, http:\/\/senergy.fr\/WP\/wp-content\/uploads\/2021\/06\/LLDM92-1-300x175.png 300w\" sizes=\"(max-width: 524px) 100vw, 524px\" \/><\/figure><div class=\"wp-block-media-text__content\">\n<p style=\"font-size:15px\"><a href=\"http:\/\/senergy.fr\/WP\/wp-content\/uploads\/2021\/06\/FICHE-COMMERCIALE-CARTE-ELEC-LLDM92-2.pdf\" target=\"_blank\" rel=\"noreferrer noopener\">Fiche technique carte \u00e9lectronique LLDM92<\/a><\/p>\n<\/div><\/div>\n\n\n\n<div class=\"wp-block-media-text alignwide is-stacked-on-mobile\" style=\"grid-template-columns:19% auto\"><figure class=\"wp-block-media-text__media\"><img decoding=\"async\" loading=\"lazy\" width=\"456\" height=\"445\" src=\"http:\/\/senergy.fr\/WP\/wp-content\/uploads\/2021\/06\/LLD150I-2.jpg\" alt=\"\" class=\"wp-image-821 size-full\" srcset=\"http:\/\/senergy.fr\/WP\/wp-content\/uploads\/2021\/06\/LLD150I-2.jpg 456w, http:\/\/senergy.fr\/WP\/wp-content\/uploads\/2021\/06\/LLD150I-2-300x293.jpg 300w\" sizes=\"(max-width: 456px) 100vw, 456px\" \/><\/figure><div class=\"wp-block-media-text__content\">\n<p style=\"font-size:15px\"><a href=\"http:\/\/senergy.fr\/WP\/wp-content\/uploads\/2021\/06\/FICHE-COMMERCIALE-CARTE-ELECTRONIQUE-LLD150I.pdf\" target=\"_blank\" rel=\"noreferrer noopener\">Fiche technique carte \u00e9lectronique LLD150I<\/a><\/p>\n<\/div><\/div>\n\n\n\n<div class=\"wp-block-media-text alignwide is-stacked-on-mobile\" style=\"grid-template-columns:15% auto\"><figure class=\"wp-block-media-text__media\"><img decoding=\"async\" loading=\"lazy\" width=\"200\" height=\"276\" src=\"http:\/\/senergy.fr\/WP\/wp-content\/uploads\/2021\/06\/LLD-300-M82.png\" alt=\"\" class=\"wp-image-866 size-full\"\/><\/figure><div class=\"wp-block-media-text__content\">\n<p style=\"font-size:15px\"><a href=\"http:\/\/senergy.fr\/WP\/wp-content\/uploads\/2021\/06\/FICHE-COMMERCIALE-LLD300M82-1.pdf\" target=\"_blank\" rel=\"noreferrer noopener\">Fiche technique carte \u00e9lectronique LLD 300 M82<\/a><\/p>\n<\/div><\/div>\n\n\n\n<p style=\"font-size:14px\">Pour toute demande concernant les cartes \u00e9lectroniques de mise \u00e0 niveau et limiteur de charge LAB3 ainsi que pour les cartes diverses (MAV, afficheurs, gestion de machine, etc&#8230;), veuillez nous contacter : <a href=\"mailto:dvallery@senergy.fr\">dvallery@senergy.fr<\/a><\/p>\n","protected":false},"excerpt":{"rendered":"<p>Contact : David VALLERY (dvallery@senergy.fr) Fiche technique carte \u00e9lectronique LLDM92 Fiche technique carte \u00e9lectronique LLD150I Fiche technique carte \u00e9lectronique LLD 300 M82 Pour toute demande&hellip;<\/p>\n","protected":false},"author":1,"featured_media":0,"parent":0,"menu_order":0,"comment_status":"closed","ping_status":"closed","template":"","meta":[],"_links":{"self":[{"href":"http:\/\/senergy.fr\/WP\/wp-json\/wp\/v2\/pages\/379"}],"collection":[{"href":"http:\/\/senergy.fr\/WP\/wp-json\/wp\/v2\/pages"}],"about":[{"href":"http:\/\/senergy.fr\/WP\/wp-json\/wp\/v2\/types\/page"}],"author":[{"embeddable":true,"href":"http:\/\/senergy.fr\/WP\/wp-json\/wp\/v2\/users\/1"}],"replies":[{"embeddable":true,"href":"http:\/\/senergy.fr\/WP\/wp-json\/wp\/v2\/comments?post=379"}],"version-history":[{"count":14,"href":"http:\/\/senergy.fr\/WP\/wp-json\/wp\/v2\/pages\/379\/revisions"}],"predecessor-version":[{"id":2163,"href":"http:\/\/senergy.fr\/WP\/wp-json\/wp\/v2\/pages\/379\/revisions\/2163"}],"wp:attachment":[{"href":"http:\/\/senergy.fr\/WP\/wp-json\/wp\/v2\/media?parent=379"}],"curies":[{"name":"wp","href":"https:\/\/api.w.org\/{rel}","templated":true}]}}