{"id":386,"date":"2021-05-12T09:42:06","date_gmt":"2021-05-12T07:42:06","guid":{"rendered":"http:\/\/senergy.fr\/WP\/?page_id=386"},"modified":"2023-03-20T18:48:09","modified_gmt":"2023-03-20T17:48:09","slug":"reducteurs","status":"publish","type":"page","link":"http:\/\/senergy.fr\/WP\/reducteurs\/","title":{"rendered":"R\u00e9ducteurs, moto-r\u00e9ducteurs et moteurs hydrauliques"},"content":{"rendered":"\n<p style=\"font-size:16px\">Contact : <strong>David VALLERY<\/strong> (<a href=\"mailto:dvallery@senergy.fr\">dvallery@senergy.fr<\/a>)<\/p>\n\n\n\n<p class=\"has-text-color\" style=\"color:#098628;font-size:16px\"><strong><em>R\u00e9ducteurs plan\u00e9taires<\/em><\/strong> <strong><em>et moto-r\u00e9ducteurs<\/em><\/strong><\/p>\n\n\n\n<p class=\"has-text-align-justify\" style=\"font-size:14px\">La gamme de r\u00e9ducteurs plan\u00e9taires s\u2019\u00e9tend de 1 000 Nm \u00e0 2 500 000 Nm. De conception \u00e0 hautes performances et compacte, ces r\u00e9ducteurs permettent de couvrir une tr\u00e8s large gamme d\u2019applications mobiles, forage, marines, mini\u00e8res et industrielles. La grande disponibilit\u00e9 de solutions personnalis\u00e9es rend cette gamme de r\u00e9ducteurs adaptable \u00e0 tout type d\u2019application o\u00f9 une transmission m\u00e9canique compacte et fiable est n\u00e9cessaire.<\/p>\n\n\n<div class=\"wp-block-image\">\n<figure class=\"alignright\"><img decoding=\"async\" loading=\"lazy\" width=\"150\" height=\"150\" src=\"http:\/\/senergy.fr\/WP\/wp-content\/uploads\/2021\/05\/image-1.png\" alt=\"\" class=\"wp-image-306\"\/><\/figure><\/div>\n\n\n<ul style=\"font-size:16px\">\n<li><em>S\u00e9rie RE-GB<\/em><\/li>\n<\/ul>\n\n\n\n<p class=\"has-text-align-justify\" style=\"font-size:14px\">R\u00e9ducteurs \u00e9picyclo\u00efdaux coaxiaux et orthogonaux avec montage \u00e0 bride, sur pieds ou pendulaires, pour applications mobiles et industrielles. Couple nominal en sortie de 100 daNm \u00e0 130 000 daNm.<\/p>\n\n\n\n<p><\/p>\n\n\n\n<ul style=\"font-size:16px\">\n<li><em>Moto-r\u00e9ducteurs et r\u00e9ducteurs de roues<\/em><\/li>\n<\/ul>\n\n\n<div class=\"wp-block-image\">\n<figure class=\"alignright\"><img decoding=\"async\" loading=\"lazy\" width=\"165\" height=\"150\" src=\"http:\/\/senergy.fr\/WP\/wp-content\/uploads\/2021\/05\/image-2.png\" alt=\"\" class=\"wp-image-307\"\/><\/figure><\/div>\n\n\n<p class=\"has-text-align-justify\" style=\"font-size:14px\">R\u00e9ducteurs et moto r\u00e9ducteurs \u00e9picyclo\u00efdaux \u00e0 carcasse tournante pour la translation des engins sur pneus ou chenill\u00e9s. Disponibles avec frein de stationnement, syst\u00e8me m\u00e9canique de d\u00e9crabotage, valve d\u2019\u00e9quilibrage. Couple transmissible de 80 daNm \u00e0 370 daNm, charge radiale admise jusqu\u2019\u00e0 8 000 daN.<\/p>\n\n\n\n<p><\/p>\n\n\n\n<ul style=\"font-size:16px\">\n<li><em>Moto r\u00e9ducteurs complets s\u00e9rie MR et MD sur demande<\/em><\/li>\n<\/ul>\n\n\n<div class=\"wp-block-image\">\n<figure class=\"alignright size-large is-resized\"><img decoding=\"async\" loading=\"lazy\" src=\"http:\/\/senergy.fr\/WP\/wp-content\/uploads\/2021\/06\/moteur-hydraulique.jpg\" alt=\"\" class=\"wp-image-1425\" width=\"150\" height=\"100\" srcset=\"http:\/\/senergy.fr\/WP\/wp-content\/uploads\/2021\/06\/moteur-hydraulique.jpg 600w, http:\/\/senergy.fr\/WP\/wp-content\/uploads\/2021\/06\/moteur-hydraulique-300x201.jpg 300w, http:\/\/senergy.fr\/WP\/wp-content\/uploads\/2021\/06\/moteur-hydraulique-24x16.jpg 24w, http:\/\/senergy.fr\/WP\/wp-content\/uploads\/2021\/06\/moteur-hydraulique-36x24.jpg 36w, http:\/\/senergy.fr\/WP\/wp-content\/uploads\/2021\/06\/moteur-hydraulique-48x32.jpg 48w\" sizes=\"(max-width: 150px) 100vw, 150px\" \/><\/figure><\/div>\n\n\n<p><\/p>\n\n\n\n<p><\/p>\n\n\n\n<p><\/p>\n\n\n\n<p class=\"has-text-color\" style=\"color:#098628;font-size:16px\"><em><strong>Moteurs hydrauliques<\/strong><\/em><\/p>\n\n\n\n<ul style=\"font-size:16px\">\n<li><em>Moteurs hydrauliques et \u00e0 pistons radiaux sur demande<\/em><\/li>\n<\/ul>\n\n\n<div class=\"wp-block-image\">\n<figure class=\"alignright size-large is-resized\"><img decoding=\"async\" loading=\"lazy\" src=\"http:\/\/senergy.fr\/WP\/wp-content\/uploads\/2021\/06\/motore-idraulico-a-pistoni-radiali-a-doppia-cilindrata-18803-4428551.jpg\" alt=\"\" class=\"wp-image-1427\" width=\"183\" height=\"137\" srcset=\"http:\/\/senergy.fr\/WP\/wp-content\/uploads\/2021\/06\/motore-idraulico-a-pistoni-radiali-a-doppia-cilindrata-18803-4428551.jpg 350w, http:\/\/senergy.fr\/WP\/wp-content\/uploads\/2021\/06\/motore-idraulico-a-pistoni-radiali-a-doppia-cilindrata-18803-4428551-300x225.jpg 300w, http:\/\/senergy.fr\/WP\/wp-content\/uploads\/2021\/06\/motore-idraulico-a-pistoni-radiali-a-doppia-cilindrata-18803-4428551-24x18.jpg 24w, http:\/\/senergy.fr\/WP\/wp-content\/uploads\/2021\/06\/motore-idraulico-a-pistoni-radiali-a-doppia-cilindrata-18803-4428551-36x27.jpg 36w, http:\/\/senergy.fr\/WP\/wp-content\/uploads\/2021\/06\/motore-idraulico-a-pistoni-radiali-a-doppia-cilindrata-18803-4428551-48x36.jpg 48w\" sizes=\"(max-width: 183px) 100vw, 183px\" \/><\/figure><\/div>","protected":false},"excerpt":{"rendered":"<p>Contact : David VALLERY (dvallery@senergy.fr) R\u00e9ducteurs plan\u00e9taires et moto-r\u00e9ducteurs La gamme de r\u00e9ducteurs plan\u00e9taires s\u2019\u00e9tend de 1 000 Nm \u00e0 2 500 000 Nm. De&hellip;<\/p>\n","protected":false},"author":1,"featured_media":0,"parent":0,"menu_order":0,"comment_status":"closed","ping_status":"closed","template":"","meta":[],"_links":{"self":[{"href":"http:\/\/senergy.fr\/WP\/wp-json\/wp\/v2\/pages\/386"}],"collection":[{"href":"http:\/\/senergy.fr\/WP\/wp-json\/wp\/v2\/pages"}],"about":[{"href":"http:\/\/senergy.fr\/WP\/wp-json\/wp\/v2\/types\/page"}],"author":[{"embeddable":true,"href":"http:\/\/senergy.fr\/WP\/wp-json\/wp\/v2\/users\/1"}],"replies":[{"embeddable":true,"href":"http:\/\/senergy.fr\/WP\/wp-json\/wp\/v2\/comments?post=386"}],"version-history":[{"count":14,"href":"http:\/\/senergy.fr\/WP\/wp-json\/wp\/v2\/pages\/386\/revisions"}],"predecessor-version":[{"id":2195,"href":"http:\/\/senergy.fr\/WP\/wp-json\/wp\/v2\/pages\/386\/revisions\/2195"}],"wp:attachment":[{"href":"http:\/\/senergy.fr\/WP\/wp-json\/wp\/v2\/media?parent=386"}],"curies":[{"name":"wp","href":"https:\/\/api.w.org\/{rel}","templated":true}]}}