{"id":389,"date":"2021-05-12T09:42:06","date_gmt":"2021-05-12T07:42:06","guid":{"rendered":"http:\/\/senergy.fr\/WP\/?page_id=389"},"modified":"2023-09-08T12:11:56","modified_gmt":"2023-09-08T10:11:56","slug":"leve-palettes-et-leve-palettes-hydrauliques","status":"publish","type":"page","link":"http:\/\/senergy.fr\/WP\/leve-palettes-et-leve-palettes-hydrauliques\/","title":{"rendered":"L\u00e8ve-palettes et l\u00e8ve-palettes hydrauliques"},"content":{"rendered":"\n<p style=\"font-size:16px\">Contacts :\u00a0<strong>David VALLERY<\/strong>\u00a0(<a href=\"mailto:tdoublemard@senergy.fr\">dvallery@senergy.fr<\/a>) ou <strong>Jos\u00e9 CHAROY<\/strong>\u00a0(<a href=\"mailto:tdoublemard@senergy.fr\">jcharoy@senergy.fr<\/a>)<\/p>\n\n\n\n<p class=\"has-text-color\" style=\"color:#098628;font-size:16px\"><strong><em>L\u00e8ve-palettes de 2 T<\/em><\/strong><\/p>\n\n\n\n<div class=\"wp-block-media-text alignwide is-stacked-on-mobile\" style=\"grid-template-columns:15% auto\"><figure class=\"wp-block-media-text__media\"><img decoding=\"async\" loading=\"lazy\" width=\"208\" height=\"272\" src=\"http:\/\/senergy.fr\/WP\/wp-content\/uploads\/2021\/06\/leve_palettes.jpg\" alt=\"\" class=\"wp-image-1158 size-full\"\/><\/figure><div class=\"wp-block-media-text__content\">\n<p style=\"font-size:16px\">Fiche technique : <a href=\"http:\/\/senergy.fr\/WP\/wp-content\/uploads\/2021\/06\/Leve-palettes-LPS2000.pdf\" target=\"_blank\" rel=\"noreferrer noopener\">L\u00e8ve-palettes LPS2000<\/a><\/p>\n\n\n\n<p style=\"font-size:16px\">Fiche technique : <a href=\"http:\/\/senergy.fr\/WP\/wp-content\/uploads\/2021\/06\/Leve-palettes-LPS2014-1.pdf\" target=\"_blank\" rel=\"noreferrer noopener\">L\u00e8ve-palettes LPS2014<\/a><\/p>\n\n\n\n<p style=\"font-size:16px\">Fiche technique : <a href=\"http:\/\/senergy.fr\/WP\/wp-content\/uploads\/2021\/06\/Leve-palettes-LPS3250ME-LPS2750ME.pdf\" target=\"_blank\" rel=\"noreferrer noopener\">L\u00e8ve-palettes LPS2750<\/a><\/p>\n\n\n\n<p style=\"font-size:16px\">Fiche technique : <a href=\"http:\/\/senergy.fr\/WP\/wp-content\/uploads\/2021\/06\/Leve-palettes-LPS3250ME-LPS2750ME.pdf\" target=\"_blank\" rel=\"noreferrer noopener\">L\u00e8ve-palettes LPS3250<\/a><\/p>\n<\/div><\/div>\n\n\n\n<p><\/p>\n\n\n\n<p class=\"has-text-color\" style=\"color:#098628;font-size:16px\"><strong><em>L\u00e8ve-palettes \u00e0 relevage hydraulique<\/em><\/strong><\/p>\n\n\n\n<div class=\"wp-block-media-text alignwide is-stacked-on-mobile\" style=\"grid-template-columns:16% auto\"><figure class=\"wp-block-media-text__media\"><img decoding=\"async\" loading=\"lazy\" width=\"208\" height=\"263\" src=\"http:\/\/senergy.fr\/WP\/wp-content\/uploads\/2021\/06\/image-3.png\" alt=\"\" class=\"wp-image-1080 size-full\"\/><\/figure><div class=\"wp-block-media-text__content\">\n<p style=\"font-size:16px\">Fiche technique : <a href=\"http:\/\/senergy.fr\/WP\/wp-content\/uploads\/2021\/06\/Leve-palettes-a-relevage-hydraulique.pdf\" target=\"_blank\" rel=\"noreferrer noopener\">L\u00e8ve-palettes \u00e0 relevage hydraulique<\/a><\/p>\n<\/div><\/div>\n\n\n\n<p><\/p>\n\n\n\n<p class=\"has-text-color\" style=\"color:#098628;font-size:16px\"><strong><em>Autres mod\u00e8les<\/em><\/strong><\/p>\n\n\n\n<p style=\"font-size:16px\">Capacit\u00e9 de 1 \u00e0 3 tonnes, avec de nombreuses options (auto-centrage hydraulique ou automatique, fourche de 1150mm, etc.)<\/p>\n","protected":false},"excerpt":{"rendered":"<p>Contacts :\u00a0David VALLERY\u00a0(dvallery@senergy.fr) ou Jos\u00e9 CHAROY\u00a0(jcharoy@senergy.fr) L\u00e8ve-palettes de 2 T Fiche technique : L\u00e8ve-palettes LPS2000 Fiche technique : L\u00e8ve-palettes LPS2014 Fiche technique : L\u00e8ve-palettes LPS2750&hellip;<\/p>\n","protected":false},"author":1,"featured_media":0,"parent":0,"menu_order":0,"comment_status":"closed","ping_status":"closed","template":"","meta":[],"_links":{"self":[{"href":"http:\/\/senergy.fr\/WP\/wp-json\/wp\/v2\/pages\/389"}],"collection":[{"href":"http:\/\/senergy.fr\/WP\/wp-json\/wp\/v2\/pages"}],"about":[{"href":"http:\/\/senergy.fr\/WP\/wp-json\/wp\/v2\/types\/page"}],"author":[{"embeddable":true,"href":"http:\/\/senergy.fr\/WP\/wp-json\/wp\/v2\/users\/1"}],"replies":[{"embeddable":true,"href":"http:\/\/senergy.fr\/WP\/wp-json\/wp\/v2\/comments?post=389"}],"version-history":[{"count":17,"href":"http:\/\/senergy.fr\/WP\/wp-json\/wp\/v2\/pages\/389\/revisions"}],"predecessor-version":[{"id":2412,"href":"http:\/\/senergy.fr\/WP\/wp-json\/wp\/v2\/pages\/389\/revisions\/2412"}],"wp:attachment":[{"href":"http:\/\/senergy.fr\/WP\/wp-json\/wp\/v2\/media?parent=389"}],"curies":[{"name":"wp","href":"https:\/\/api.w.org\/{rel}","templated":true}]}}