{"id":390,"date":"2021-05-12T09:42:06","date_gmt":"2021-05-12T07:42:06","guid":{"rendered":"http:\/\/senergy.fr\/WP\/?page_id=390"},"modified":"2023-09-08T12:00:22","modified_gmt":"2023-09-08T10:00:22","slug":"bennes-preneuses","status":"publish","type":"page","link":"http:\/\/senergy.fr\/WP\/bennes-preneuses\/","title":{"rendered":"Bennes preneuses"},"content":{"rendered":"\n<p style=\"font-size:16px\">Contacts : <strong>David VALLERY<\/strong>\u00a0(<a href=\"mailto:tdoublemard@senergy.fr\">dvallery@senergy.fr<\/a>) ou <strong>Jos\u00e9 CHAROY<\/strong>\u00a0(<a href=\"mailto:tdoublemard@senergy.fr\">jcharoy@senergy.fr<\/a>)<\/p>\n\n\n\n<p class=\"has-text-color\" style=\"color:#098628;font-size:16px\"><strong><em>Bennes preneuses \u00e0 v\u00e9rin horizontal<\/em><\/strong><\/p>\n\n\n\n<div class=\"wp-block-media-text alignwide is-stacked-on-mobile\" style=\"grid-template-columns:18% auto\"><figure class=\"wp-block-media-text__media\"><img decoding=\"async\" loading=\"lazy\" width=\"345\" height=\"239\" src=\"http:\/\/senergy.fr\/WP\/wp-content\/uploads\/2021\/06\/BPS.png\" alt=\"\" class=\"wp-image-1085 size-full\" srcset=\"http:\/\/senergy.fr\/WP\/wp-content\/uploads\/2021\/06\/BPS.png 345w, http:\/\/senergy.fr\/WP\/wp-content\/uploads\/2021\/06\/BPS-300x208.png 300w\" sizes=\"(max-width: 345px) 100vw, 345px\" \/><\/figure><div class=\"wp-block-media-text__content\">\n<p class=\"has-text-align-justify\" style=\"font-size:16px\">Fiche technique : <a href=\"http:\/\/senergy.fr\/WP\/wp-content\/uploads\/2021\/06\/Benne-preneuse-de-terrassement-serie-BPS.pdf\" target=\"_blank\" rel=\"noreferrer noopener\">Bennes preneuses de terrassement (S\u00e9rie BPS)<\/a><\/p>\n\n\n\n<p style=\"font-size:16px\">Capacit\u00e9 : 150 \u00e0 650 L<\/p>\n<\/div><\/div>\n\n\n\n<p><\/p>\n\n\n\n<div class=\"wp-block-media-text alignwide is-stacked-on-mobile\" style=\"grid-template-columns:18% auto\"><figure class=\"wp-block-media-text__media\"><img decoding=\"async\" loading=\"lazy\" width=\"339\" height=\"281\" src=\"http:\/\/senergy.fr\/WP\/wp-content\/uploads\/2021\/06\/BPSU-R.png\" alt=\"\" class=\"wp-image-1089 size-full\" srcset=\"http:\/\/senergy.fr\/WP\/wp-content\/uploads\/2021\/06\/BPSU-R.png 339w, http:\/\/senergy.fr\/WP\/wp-content\/uploads\/2021\/06\/BPSU-R-300x249.png 300w\" sizes=\"(max-width: 339px) 100vw, 339px\" \/><\/figure><div class=\"wp-block-media-text__content\">\n<p style=\"font-size:14px\">Fiche technique : <a href=\"http:\/\/senergy.fr\/WP\/wp-content\/uploads\/2021\/06\/Bennes-Preneuses-Universelles-Renforcees-BPSU-R.pdf\" target=\"_blank\" rel=\"noreferrer noopener\">Bennes preneuses universelles renforc\u00e9es (S\u00e9rie BPSU-R)<\/a><\/p>\n\n\n\n<p style=\"font-size:14px\">Capacit\u00e9 : 570 \u00e0 1220 L<\/p>\n\n\n\n<p><\/p>\n<\/div><\/div>\n\n\n\n<div class=\"wp-block-media-text alignwide is-stacked-on-mobile\" style=\"grid-template-columns:19% auto\"><figure class=\"wp-block-media-text__media\"><img decoding=\"async\" loading=\"lazy\" width=\"299\" height=\"234\" src=\"http:\/\/senergy.fr\/WP\/wp-content\/uploads\/2021\/06\/BRS.png\" alt=\"\" class=\"wp-image-1091 size-full\"\/><\/figure><div class=\"wp-block-media-text__content\">\n<p style=\"font-size:14px\">Fiche technique : <a href=\"http:\/\/senergy.fr\/WP\/wp-content\/uploads\/2021\/06\/Bennes-de-Reprises-BRS.pdf\" target=\"_blank\" rel=\"noreferrer noopener\">Bennes preneuses de reprise (S\u00e9rie BRS)<\/a><\/p>\n\n\n\n<p style=\"font-size:14px\">Capacit\u00e9 : 640 \u00e0 1200 L<\/p>\n<\/div><\/div>\n\n\n\n<p><\/p>\n\n\n\n<p><\/p>\n\n\n\n<p class=\"has-text-color\" style=\"color:#098628;font-size:16px\"><strong><em>Bennes preneuses \u00e0 v\u00e9rin vertical<\/em><\/strong><\/p>\n\n\n\n<div class=\"wp-block-media-text alignwide is-stacked-on-mobile\" style=\"grid-template-columns:17% auto\"><figure class=\"wp-block-media-text__media\"><img decoding=\"async\" loading=\"lazy\" width=\"274\" height=\"320\" src=\"http:\/\/senergy.fr\/WP\/wp-content\/uploads\/2021\/06\/BPV.png\" alt=\"\" class=\"wp-image-1096 size-full\" srcset=\"http:\/\/senergy.fr\/WP\/wp-content\/uploads\/2021\/06\/BPV.png 274w, http:\/\/senergy.fr\/WP\/wp-content\/uploads\/2021\/06\/BPV-257x300.png 257w\" sizes=\"(max-width: 274px) 100vw, 274px\" \/><\/figure><div class=\"wp-block-media-text__content\">\n<p style=\"font-size:14px\">Fiche technique : <a href=\"http:\/\/senergy.fr\/WP\/wp-content\/uploads\/2021\/06\/Bennes-preneuses-BPV.pdf\" target=\"_blank\" rel=\"noreferrer noopener\">Bennes preneuses de terrassement (S\u00e9rie BPV)<\/a><\/p>\n\n\n\n<p style=\"font-size:14px\">Capacit\u00e9 : 150 \u00e0 550 L<\/p>\n\n\n\n<p style=\"font-size:14px\">Fiche technique : <a rel=\"noreferrer noopener\" href=\"http:\/\/senergy.fr\/WP\/wp-content\/uploads\/2021\/06\/Bennes-verticales-legeres-BPVL.pdf\" target=\"_blank\">Bennes preneuses de terrassement (S\u00e9rie BPVL)<\/a><\/p>\n\n\n\n<p style=\"font-size:14px\">Capacit\u00e9 : 125 \u00e0 275 L<\/p>\n<\/div><\/div>\n\n\n\n<p><\/p>\n\n\n\n<p><\/p>\n\n\n\n<p class=\"has-text-color\" style=\"color:#098628;font-size:16px\"><strong><em>Bennes sans v\u00e9rin<\/em><\/strong><\/p>\n\n\n\n<div class=\"wp-block-media-text alignwide is-stacked-on-mobile\" style=\"grid-template-columns:19% auto\"><figure class=\"wp-block-media-text__media\"><img decoding=\"async\" loading=\"lazy\" width=\"397\" height=\"357\" src=\"http:\/\/senergy.fr\/WP\/wp-content\/uploads\/2021\/06\/HPX.png\" alt=\"\" class=\"wp-image-1097 size-full\" srcset=\"http:\/\/senergy.fr\/WP\/wp-content\/uploads\/2021\/06\/HPX.png 397w, http:\/\/senergy.fr\/WP\/wp-content\/uploads\/2021\/06\/HPX-300x270.png 300w\" sizes=\"(max-width: 397px) 100vw, 397px\" \/><\/figure><div class=\"wp-block-media-text__content\">\n<p style=\"font-size:14px\">Fiche technique : <a href=\"http:\/\/senergy.fr\/WP\/wp-content\/uploads\/2021\/06\/Benne-speciale-sans-verin-serie-HPX-2.pdf\" target=\"_blank\" rel=\"noreferrer noopener\">Bennes sp\u00e9ciales sans v\u00e9rin (S\u00e9rie HPX)<\/a><\/p>\n\n\n\n<p style=\"font-size:17px\"><\/p>\n<\/div><\/div>\n","protected":false},"excerpt":{"rendered":"<p>Contacts : David VALLERY\u00a0(dvallery@senergy.fr) ou Jos\u00e9 CHAROY\u00a0(jcharoy@senergy.fr) Bennes preneuses \u00e0 v\u00e9rin horizontal Fiche technique : Bennes preneuses de terrassement (S\u00e9rie BPS) Capacit\u00e9 : 150 \u00e0&hellip;<\/p>\n","protected":false},"author":1,"featured_media":0,"parent":0,"menu_order":0,"comment_status":"closed","ping_status":"closed","template":"","meta":[],"_links":{"self":[{"href":"http:\/\/senergy.fr\/WP\/wp-json\/wp\/v2\/pages\/390"}],"collection":[{"href":"http:\/\/senergy.fr\/WP\/wp-json\/wp\/v2\/pages"}],"about":[{"href":"http:\/\/senergy.fr\/WP\/wp-json\/wp\/v2\/types\/page"}],"author":[{"embeddable":true,"href":"http:\/\/senergy.fr\/WP\/wp-json\/wp\/v2\/users\/1"}],"replies":[{"embeddable":true,"href":"http:\/\/senergy.fr\/WP\/wp-json\/wp\/v2\/comments?post=390"}],"version-history":[{"count":27,"href":"http:\/\/senergy.fr\/WP\/wp-json\/wp\/v2\/pages\/390\/revisions"}],"predecessor-version":[{"id":2404,"href":"http:\/\/senergy.fr\/WP\/wp-json\/wp\/v2\/pages\/390\/revisions\/2404"}],"wp:attachment":[{"href":"http:\/\/senergy.fr\/WP\/wp-json\/wp\/v2\/media?parent=390"}],"curies":[{"name":"wp","href":"https:\/\/api.w.org\/{rel}","templated":true}]}}