{"id":391,"date":"2021-05-12T09:42:06","date_gmt":"2021-05-12T07:42:06","guid":{"rendered":"http:\/\/senergy.fr\/WP\/?page_id=391"},"modified":"2023-09-08T12:12:59","modified_gmt":"2023-09-08T10:12:59","slug":"pinces-a-bois","status":"publish","type":"page","link":"http:\/\/senergy.fr\/WP\/pinces-a-bois\/","title":{"rendered":"Pinces \u00e0 bois"},"content":{"rendered":"\n<p style=\"font-size:16px\">Contacts :\u00a0<strong>David VALLERY<\/strong>\u00a0(<a href=\"mailto:tdoublemard@senergy.fr\">dvallery@senergy.fr<\/a>) ou <strong>Jos\u00e9 CHAROY<\/strong>\u00a0(<a href=\"mailto:tdoublemard@senergy.fr\">jcharoy@senergy.fr<\/a>)<\/p>\n\n\n\n<div class=\"wp-block-media-text alignwide is-stacked-on-mobile\" style=\"grid-template-columns:16% auto\"><figure class=\"wp-block-media-text__media\"><img decoding=\"async\" loading=\"lazy\" width=\"277\" height=\"312\" src=\"http:\/\/senergy.fr\/WP\/wp-content\/uploads\/2021\/06\/pinces-a-bois.png\" alt=\"\" class=\"wp-image-1101 size-full\" srcset=\"http:\/\/senergy.fr\/WP\/wp-content\/uploads\/2021\/06\/pinces-a-bois.png 277w, http:\/\/senergy.fr\/WP\/wp-content\/uploads\/2021\/06\/pinces-a-bois-266x300.png 266w\" sizes=\"(max-width: 277px) 100vw, 277px\" \/><\/figure><div class=\"wp-block-media-text__content\">\n<p style=\"font-size:14px\">Fiche technique : <a rel=\"noreferrer noopener\" href=\"http:\/\/senergy.fr\/WP\/wp-content\/uploads\/2021\/06\/Pinces-a-bois.pdf\" target=\"_blank\"><strong>Pinces \u00e0 bois (S\u00e9rie GBS)<\/strong><\/a><\/p>\n\n\n\n<p style=\"font-size:14px\">Charge : 600 \u00e0 8000 kg<\/p>\n<\/div><\/div>\n","protected":false},"excerpt":{"rendered":"<p>Contacts :\u00a0David VALLERY\u00a0(dvallery@senergy.fr) ou Jos\u00e9 CHAROY\u00a0(jcharoy@senergy.fr) Fiche technique : Pinces \u00e0 bois (S\u00e9rie GBS) Charge : 600 \u00e0 8000 kg<\/p>\n","protected":false},"author":1,"featured_media":0,"parent":0,"menu_order":0,"comment_status":"closed","ping_status":"closed","template":"","meta":[],"_links":{"self":[{"href":"http:\/\/senergy.fr\/WP\/wp-json\/wp\/v2\/pages\/391"}],"collection":[{"href":"http:\/\/senergy.fr\/WP\/wp-json\/wp\/v2\/pages"}],"about":[{"href":"http:\/\/senergy.fr\/WP\/wp-json\/wp\/v2\/types\/page"}],"author":[{"embeddable":true,"href":"http:\/\/senergy.fr\/WP\/wp-json\/wp\/v2\/users\/1"}],"replies":[{"embeddable":true,"href":"http:\/\/senergy.fr\/WP\/wp-json\/wp\/v2\/comments?post=391"}],"version-history":[{"count":8,"href":"http:\/\/senergy.fr\/WP\/wp-json\/wp\/v2\/pages\/391\/revisions"}],"predecessor-version":[{"id":2414,"href":"http:\/\/senergy.fr\/WP\/wp-json\/wp\/v2\/pages\/391\/revisions\/2414"}],"wp:attachment":[{"href":"http:\/\/senergy.fr\/WP\/wp-json\/wp\/v2\/media?parent=391"}],"curies":[{"name":"wp","href":"https:\/\/api.w.org\/{rel}","templated":true}]}}