{"id":392,"date":"2021-05-12T09:42:06","date_gmt":"2021-05-12T07:42:06","guid":{"rendered":"http:\/\/senergy.fr\/WP\/?page_id=392"},"modified":"2023-09-08T12:13:41","modified_gmt":"2023-09-08T10:13:41","slug":"pinces-a-parpaings","status":"publish","type":"page","link":"http:\/\/senergy.fr\/WP\/pinces-a-parpaings\/","title":{"rendered":"Pinces \u00e0 parpaings"},"content":{"rendered":"\n<p style=\"font-size:16px\">Contacts :\u00a0<strong>David VALLERY<\/strong>\u00a0(<a href=\"mailto:tdoublemard@senergy.fr\">dvallery@senergy.fr<\/a>) ou <strong>Jos\u00e9 CHAROY<\/strong>\u00a0(<a href=\"mailto:tdoublemard@senergy.fr\">jcharoy@senergy.fr<\/a>)<\/p>\n\n\n\n<div class=\"wp-block-media-text alignwide is-stacked-on-mobile\" style=\"grid-template-columns:16% auto\"><figure class=\"wp-block-media-text__media\"><img decoding=\"async\" loading=\"lazy\" width=\"340\" height=\"455\" src=\"http:\/\/senergy.fr\/WP\/wp-content\/uploads\/2021\/06\/POS.png\" alt=\"\" class=\"wp-image-1104 size-full\" srcset=\"http:\/\/senergy.fr\/WP\/wp-content\/uploads\/2021\/06\/POS.png 340w, http:\/\/senergy.fr\/WP\/wp-content\/uploads\/2021\/06\/POS-224x300.png 224w\" sizes=\"(max-width: 340px) 100vw, 340px\" \/><\/figure><div class=\"wp-block-media-text__content\">\n<p style=\"font-size:15px\">Fiche technique : <a rel=\"noreferrer noopener\" href=\"http:\/\/senergy.fr\/WP\/wp-content\/uploads\/2021\/06\/Pinces-a-parpaings-a-ouverture-oscillante-POS.pdf\" target=\"_blank\">Pinces \u00e0 parpaings \u00e0 ouverture oscillante (S\u00e9rie POS)<\/a><\/p>\n\n\n\n<p style=\"font-size:15px\">Capacit\u00e9 : 1600 \u00e0 2000 kg<\/p>\n<\/div><\/div>\n\n\n\n<div class=\"wp-block-media-text alignwide is-stacked-on-mobile\" style=\"grid-template-columns:16% auto\"><figure class=\"wp-block-media-text__media\"><img decoding=\"async\" loading=\"lazy\" width=\"258\" height=\"311\" src=\"http:\/\/senergy.fr\/WP\/wp-content\/uploads\/2021\/06\/POPP.png\" alt=\"\" class=\"wp-image-1105 size-full\" srcset=\"http:\/\/senergy.fr\/WP\/wp-content\/uploads\/2021\/06\/POPP.png 258w, http:\/\/senergy.fr\/WP\/wp-content\/uploads\/2021\/06\/POPP-249x300.png 249w\" sizes=\"(max-width: 258px) 100vw, 258px\" \/><\/figure><div class=\"wp-block-media-text__content\">\n<p style=\"font-size:15px\">Fiche technique : <a rel=\"noreferrer noopener\" href=\"http:\/\/senergy.fr\/WP\/wp-content\/uploads\/2021\/06\/La-pince-a-parpaings-PPOP.pdf\" target=\"_blank\">Pinces \u00e0 parpaings \u00e0 ouverture parall\u00e8le (S\u00e9rie PPOP)<\/a><\/p>\n\n\n\n<p style=\"font-size:15px\">Capacit\u00e9 : 1350 \u00e0 3000 kg<\/p>\n<\/div><\/div>\n","protected":false},"excerpt":{"rendered":"<p>Contacts :\u00a0David VALLERY\u00a0(dvallery@senergy.fr) ou Jos\u00e9 CHAROY\u00a0(jcharoy@senergy.fr) Fiche technique : Pinces \u00e0 parpaings \u00e0 ouverture oscillante (S\u00e9rie POS) Capacit\u00e9 : 1600 \u00e0 2000 kg Fiche technique&hellip;<\/p>\n","protected":false},"author":1,"featured_media":0,"parent":0,"menu_order":0,"comment_status":"closed","ping_status":"closed","template":"","meta":[],"_links":{"self":[{"href":"http:\/\/senergy.fr\/WP\/wp-json\/wp\/v2\/pages\/392"}],"collection":[{"href":"http:\/\/senergy.fr\/WP\/wp-json\/wp\/v2\/pages"}],"about":[{"href":"http:\/\/senergy.fr\/WP\/wp-json\/wp\/v2\/types\/page"}],"author":[{"embeddable":true,"href":"http:\/\/senergy.fr\/WP\/wp-json\/wp\/v2\/users\/1"}],"replies":[{"embeddable":true,"href":"http:\/\/senergy.fr\/WP\/wp-json\/wp\/v2\/comments?post=392"}],"version-history":[{"count":7,"href":"http:\/\/senergy.fr\/WP\/wp-json\/wp\/v2\/pages\/392\/revisions"}],"predecessor-version":[{"id":2415,"href":"http:\/\/senergy.fr\/WP\/wp-json\/wp\/v2\/pages\/392\/revisions\/2415"}],"wp:attachment":[{"href":"http:\/\/senergy.fr\/WP\/wp-json\/wp\/v2\/media?parent=392"}],"curies":[{"name":"wp","href":"https:\/\/api.w.org\/{rel}","templated":true}]}}