{"id":393,"date":"2021-05-12T09:42:06","date_gmt":"2021-05-12T07:42:06","guid":{"rendered":"http:\/\/senergy.fr\/WP\/?page_id=393"},"modified":"2023-09-08T12:03:23","modified_gmt":"2023-09-08T10:03:23","slug":"grappins-a-feraille","status":"publish","type":"page","link":"http:\/\/senergy.fr\/WP\/grappins-a-feraille\/","title":{"rendered":"Grappins \u00e0 ferraille"},"content":{"rendered":"\n<p style=\"font-size:16px\">Contacts :\u00a0<strong>David VALLERY<\/strong>\u00a0(<a href=\"mailto:tdoublemard@senergy.fr\">dvallery@senergy.fr<\/a>) ou <strong>Jos\u00e9 CHAROY<\/strong>\u00a0(<a href=\"mailto:tdoublemard@senergy.fr\">jcharoy@senergy.fr<\/a>)<\/p>\n\n\n\n<div class=\"wp-block-media-text alignwide is-stacked-on-mobile\" style=\"grid-template-columns:16% auto\"><figure class=\"wp-block-media-text__media\"><img decoding=\"async\" loading=\"lazy\" width=\"167\" height=\"218\" src=\"http:\/\/senergy.fr\/WP\/wp-content\/uploads\/2021\/06\/GFS.png\" alt=\"\" class=\"wp-image-1108 size-full\"\/><\/figure><div class=\"wp-block-media-text__content\">\n<p style=\"font-size:16px\">Fiche technique : <a href=\"http:\/\/senergy.fr\/WP\/wp-content\/uploads\/2021\/06\/Grappins-Standards-1.pdf\" target=\"_blank\" rel=\"noreferrer noopener\">Grappins \u00e0 ferraille standards (S\u00e9rie GFS)<\/a><\/p>\n\n\n\n<p style=\"font-size:16px\">Capacit\u00e9 : 100 \u00e0 600 L<\/p>\n<\/div><\/div>\n\n\n\n<div class=\"wp-block-media-text alignwide is-stacked-on-mobile\" style=\"grid-template-columns:16% auto\"><figure class=\"wp-block-media-text__media\"><img decoding=\"async\" loading=\"lazy\" width=\"141\" height=\"177\" src=\"http:\/\/senergy.fr\/WP\/wp-content\/uploads\/2021\/06\/GVS.png\" alt=\"\" class=\"wp-image-1109 size-full\"\/><\/figure><div class=\"wp-block-media-text__content\">\n<p style=\"font-size:16px\">Fiche technique : <a rel=\"noreferrer noopener\" href=\"http:\/\/senergy.fr\/WP\/wp-content\/uploads\/2021\/06\/Grappins-a-Ferraille-GVS.pdf\" target=\"_blank\">Grappins \u00e0 ferraille \u00e0 v\u00e9rins verticaux (S\u00e9rie GVS)<\/a><\/p>\n\n\n\n<p style=\"font-size:16px\">Capacit\u00e9 : 150 \u00e0 1000 L<\/p>\n<\/div><\/div>\n","protected":false},"excerpt":{"rendered":"<p>Contacts :\u00a0David VALLERY\u00a0(dvallery@senergy.fr) ou Jos\u00e9 CHAROY\u00a0(jcharoy@senergy.fr) Fiche technique : Grappins \u00e0 ferraille standards (S\u00e9rie GFS) Capacit\u00e9 : 100 \u00e0 600 L Fiche technique : Grappins&hellip;<\/p>\n","protected":false},"author":1,"featured_media":0,"parent":0,"menu_order":0,"comment_status":"closed","ping_status":"closed","template":"","meta":[],"_links":{"self":[{"href":"http:\/\/senergy.fr\/WP\/wp-json\/wp\/v2\/pages\/393"}],"collection":[{"href":"http:\/\/senergy.fr\/WP\/wp-json\/wp\/v2\/pages"}],"about":[{"href":"http:\/\/senergy.fr\/WP\/wp-json\/wp\/v2\/types\/page"}],"author":[{"embeddable":true,"href":"http:\/\/senergy.fr\/WP\/wp-json\/wp\/v2\/users\/1"}],"replies":[{"embeddable":true,"href":"http:\/\/senergy.fr\/WP\/wp-json\/wp\/v2\/comments?post=393"}],"version-history":[{"count":12,"href":"http:\/\/senergy.fr\/WP\/wp-json\/wp\/v2\/pages\/393\/revisions"}],"predecessor-version":[{"id":2408,"href":"http:\/\/senergy.fr\/WP\/wp-json\/wp\/v2\/pages\/393\/revisions\/2408"}],"wp:attachment":[{"href":"http:\/\/senergy.fr\/WP\/wp-json\/wp\/v2\/media?parent=393"}],"curies":[{"name":"wp","href":"https:\/\/api.w.org\/{rel}","templated":true}]}}