{"id":394,"date":"2021-05-12T09:42:06","date_gmt":"2021-05-12T07:42:06","guid":{"rendered":"http:\/\/senergy.fr\/WP\/?page_id=394"},"modified":"2023-09-08T12:03:49","modified_gmt":"2023-09-08T10:03:49","slug":"grappins-speciaux","status":"publish","type":"page","link":"http:\/\/senergy.fr\/WP\/grappins-speciaux\/","title":{"rendered":"Grappins sp\u00e9ciaux"},"content":{"rendered":"\n<p style=\"font-size:16px\">Contacts :\u00a0<strong>David VALLERY<\/strong>\u00a0(<a href=\"mailto:tdoublemard@senergy.fr\">dvallery@senergy.fr<\/a>) ou <strong>Jos\u00e9 CHAROY<\/strong>\u00a0(<a href=\"mailto:tdoublemard@senergy.fr\">jcharoy@senergy.fr<\/a>)<\/p>\n\n\n\n<div class=\"wp-block-media-text alignwide is-stacked-on-mobile\" style=\"grid-template-columns:17% auto\"><figure class=\"wp-block-media-text__media\"><img decoding=\"async\" loading=\"lazy\" width=\"205\" height=\"215\" src=\"http:\/\/senergy.fr\/WP\/wp-content\/uploads\/2021\/06\/GAFS.png\" alt=\"\" class=\"wp-image-1114 size-full\"\/><\/figure><div class=\"wp-block-media-text__content\">\n<p style=\"font-size:16px\"><a href=\"http:\/\/senergy.fr\/WP\/wp-content\/uploads\/2021\/06\/Grappins-a-Foins-2.pdf\" target=\"_blank\" rel=\"noreferrer noopener\">Fiche technique : Grappins \u00e0 foin (S\u00e9rie GAFS)<\/a><\/p>\n<\/div><\/div>\n\n\n\n<div class=\"wp-block-media-text alignwide is-stacked-on-mobile\" style=\"grid-template-columns:18% auto\"><figure class=\"wp-block-media-text__media\"><img decoding=\"async\" loading=\"lazy\" width=\"429\" height=\"307\" src=\"http:\/\/senergy.fr\/WP\/wp-content\/uploads\/2021\/06\/PAT.png\" alt=\"\" class=\"wp-image-1115 size-full\" srcset=\"http:\/\/senergy.fr\/WP\/wp-content\/uploads\/2021\/06\/PAT.png 429w, http:\/\/senergy.fr\/WP\/wp-content\/uploads\/2021\/06\/PAT-300x215.png 300w\" sizes=\"(max-width: 429px) 100vw, 429px\" \/><\/figure><div class=\"wp-block-media-text__content\">\n<p style=\"font-size:16px\">Fiche technique : <a href=\"http:\/\/senergy.fr\/WP\/wp-content\/uploads\/2021\/06\/Pinces-a-tubes-1.pdf\" target=\"_blank\" rel=\"noreferrer noopener\">Grappins \u00e0 tubes (S\u00e9rie PAT)<\/a><\/p>\n<\/div><\/div>\n\n\n\n<div class=\"wp-block-media-text alignwide is-stacked-on-mobile\" style=\"grid-template-columns:15% auto\"><figure class=\"wp-block-media-text__media\"><img decoding=\"async\" loading=\"lazy\" width=\"175\" height=\"271\" src=\"http:\/\/senergy.fr\/WP\/wp-content\/uploads\/2021\/06\/PABT.png\" alt=\"\" class=\"wp-image-1116 size-full\"\/><\/figure><div class=\"wp-block-media-text__content\">\n<p style=\"font-size:16px\">Fiche technique : <a href=\"http:\/\/senergy.fr\/WP\/wp-content\/uploads\/2021\/06\/Grappins-a-bordures.pdf\" target=\"_blank\" rel=\"noreferrer noopener\">Grappins \u00e0 bordures (S\u00e9rie PABT)<\/a><\/p>\n<\/div><\/div>\n\n\n\n<div class=\"wp-block-media-text alignwide is-stacked-on-mobile\" style=\"grid-template-columns:18% auto\"><figure class=\"wp-block-media-text__media\"><img decoding=\"async\" loading=\"lazy\" width=\"277\" height=\"266\" src=\"http:\/\/senergy.fr\/WP\/wp-content\/uploads\/2021\/06\/PABS.png\" alt=\"\" class=\"wp-image-1117 size-full\"\/><\/figure><div class=\"wp-block-media-text__content\">\n<p style=\"font-size:16px\">Fiche technique : <a href=\"http:\/\/senergy.fr\/WP\/wp-content\/uploads\/2021\/06\/Grappins-a-separateurs-PABS.pdf\" target=\"_blank\" rel=\"noreferrer noopener\">Grappins \u00e0 s\u00e9parateurs (S\u00e9rie PABS)<\/a><\/p>\n<\/div><\/div>\n\n\n\n<div class=\"wp-block-media-text alignwide is-stacked-on-mobile\" style=\"grid-template-columns:18% auto\"><figure class=\"wp-block-media-text__media\"><img decoding=\"async\" loading=\"lazy\" width=\"217\" height=\"198\" src=\"http:\/\/senergy.fr\/WP\/wp-content\/uploads\/2021\/06\/4P.png\" alt=\"\" class=\"wp-image-1118 size-full\"\/><\/figure><div class=\"wp-block-media-text__content\">\n<p style=\"font-size:16px\">Fiche technique : <a href=\"http:\/\/senergy.fr\/WP\/wp-content\/uploads\/2021\/06\/Grappins-a-poteaux-4P-1.pdf\" target=\"_blank\" rel=\"noreferrer noopener\">Grappins \u00e0 poteaux (S\u00e9rie 4P)<\/a><\/p>\n\n\n\n<p style=\"font-size:16px\">Capacit\u00e9 : 500 \u00e0 3000 kg<\/p>\n<\/div><\/div>\n","protected":false},"excerpt":{"rendered":"<p>Contacts :\u00a0David VALLERY\u00a0(dvallery@senergy.fr) ou Jos\u00e9 CHAROY\u00a0(jcharoy@senergy.fr) Fiche technique : Grappins \u00e0 foin (S\u00e9rie GAFS) Fiche technique : Grappins \u00e0 tubes (S\u00e9rie PAT) Fiche technique :&hellip;<\/p>\n","protected":false},"author":1,"featured_media":0,"parent":0,"menu_order":0,"comment_status":"closed","ping_status":"closed","template":"","meta":[],"_links":{"self":[{"href":"http:\/\/senergy.fr\/WP\/wp-json\/wp\/v2\/pages\/394"}],"collection":[{"href":"http:\/\/senergy.fr\/WP\/wp-json\/wp\/v2\/pages"}],"about":[{"href":"http:\/\/senergy.fr\/WP\/wp-json\/wp\/v2\/types\/page"}],"author":[{"embeddable":true,"href":"http:\/\/senergy.fr\/WP\/wp-json\/wp\/v2\/users\/1"}],"replies":[{"embeddable":true,"href":"http:\/\/senergy.fr\/WP\/wp-json\/wp\/v2\/comments?post=394"}],"version-history":[{"count":11,"href":"http:\/\/senergy.fr\/WP\/wp-json\/wp\/v2\/pages\/394\/revisions"}],"predecessor-version":[{"id":2409,"href":"http:\/\/senergy.fr\/WP\/wp-json\/wp\/v2\/pages\/394\/revisions\/2409"}],"wp:attachment":[{"href":"http:\/\/senergy.fr\/WP\/wp-json\/wp\/v2\/media?parent=394"}],"curies":[{"name":"wp","href":"https:\/\/api.w.org\/{rel}","templated":true}]}}