{"id":532,"date":"2021-06-01T12:06:03","date_gmt":"2021-06-01T10:06:03","guid":{"rendered":"http:\/\/senergy.fr\/WP\/?page_id=532"},"modified":"2023-03-23T11:25:33","modified_gmt":"2023-03-23T10:25:33","slug":"zed","status":"publish","type":"page","link":"http:\/\/senergy.fr\/WP\/zed\/","title":{"rendered":"ZED"},"content":{"rendered":"\n<p style=\"font-size:16px\">Contact :<strong> Jos\u00e9 CHAROY<\/strong> (<a href=\"mailto:jcharoy@senergy.fr\">jcharoy@senergy.fr<\/a>)<\/p>\n\n\n\n<p style=\"font-size:14px\">Radiocommandes adapt\u00e9es \u00e0 tout type de machine. La gamme ZED est la synth\u00e8se des meilleures caract\u00e9ristiques ergonomiques et fonctionnelles.<\/p>\n\n\n\n<div class=\"is-layout-flex wp-container-2 wp-block-columns\">\n<div class=\"is-layout-flow wp-block-column\">\n<figure class=\"wp-block-image size-large is-resized\"><img decoding=\"async\" loading=\"lazy\" src=\"http:\/\/senergy.fr\/WP\/wp-content\/uploads\/2021\/06\/5-1024x512.png\" alt=\"\" class=\"wp-image-1488\" width=\"768\" height=\"384\" srcset=\"http:\/\/senergy.fr\/WP\/wp-content\/uploads\/2021\/06\/5-1024x512.png 1024w, http:\/\/senergy.fr\/WP\/wp-content\/uploads\/2021\/06\/5-300x150.png 300w, http:\/\/senergy.fr\/WP\/wp-content\/uploads\/2021\/06\/5-768x384.png 768w, http:\/\/senergy.fr\/WP\/wp-content\/uploads\/2021\/06\/5-1536x768.png 1536w, http:\/\/senergy.fr\/WP\/wp-content\/uploads\/2021\/06\/5-2048x1024.png 2048w, http:\/\/senergy.fr\/WP\/wp-content\/uploads\/2021\/06\/5-24x12.png 24w, http:\/\/senergy.fr\/WP\/wp-content\/uploads\/2021\/06\/5-36x18.png 36w, http:\/\/senergy.fr\/WP\/wp-content\/uploads\/2021\/06\/5-48x24.png 48w\" sizes=\"(max-width: 768px) 100vw, 768px\" \/><\/figure>\n\n\n\n<p class=\"has-text-align-center\" style=\"font-size:15px\"><img decoding=\"async\" loading=\"lazy\" width=\"75\" height=\"75\" class=\"wp-image-2328\" style=\"width: 32px;\" src=\"http:\/\/senergy.fr\/WP\/wp-content\/uploads\/2023\/03\/logo-pdf.jpg\" alt=\"\" srcset=\"http:\/\/senergy.fr\/WP\/wp-content\/uploads\/2023\/03\/logo-pdf.jpg 75w, http:\/\/senergy.fr\/WP\/wp-content\/uploads\/2023\/03\/logo-pdf-24x24.jpg 24w, http:\/\/senergy.fr\/WP\/wp-content\/uploads\/2023\/03\/logo-pdf-36x36.jpg 36w, http:\/\/senergy.fr\/WP\/wp-content\/uploads\/2023\/03\/logo-pdf-48x48.jpg 48w\" sizes=\"(max-width: 75px) 100vw, 75px\" \/>  Fiche technique : <a rel=\"noreferrer noopener\" href=\"http:\/\/senergy.fr\/WP\/wp-content\/uploads\/2021\/06\/FICHE-PRODUIT-M880-ZED-B-.pdf\" target=\"_blank\">M880 ZED B<\/a><\/p>\n\n\n\n<p class=\"has-text-align-center\" style=\"font-size:15px\"><img decoding=\"async\" loading=\"lazy\" width=\"75\" height=\"75\" class=\"wp-image-2328\" style=\"width: 32px;\" src=\"http:\/\/senergy.fr\/WP\/wp-content\/uploads\/2023\/03\/logo-pdf.jpg\" alt=\"\" srcset=\"http:\/\/senergy.fr\/WP\/wp-content\/uploads\/2023\/03\/logo-pdf.jpg 75w, http:\/\/senergy.fr\/WP\/wp-content\/uploads\/2023\/03\/logo-pdf-24x24.jpg 24w, http:\/\/senergy.fr\/WP\/wp-content\/uploads\/2023\/03\/logo-pdf-36x36.jpg 36w, http:\/\/senergy.fr\/WP\/wp-content\/uploads\/2023\/03\/logo-pdf-48x48.jpg 48w\" sizes=\"(max-width: 75px) 100vw, 75px\" \/>  Fiche technique : <a rel=\"noreferrer noopener\" href=\"http:\/\/senergy.fr\/WP\/wp-content\/uploads\/2021\/06\/FICHE-PRODUIT-M880-ZED-NJ-.pdf\" target=\"_blank\">M880 ZED NJ<\/a><\/p>\n<\/div>\n<\/div>\n\n\n\n<p>Pour plus d&rsquo;informations :<\/p>\n\n\n\n<p>Sur la ZED : <a href=\"https:\/\/www.imetradioremotecontrol.com\/en\/catalogue\/transmitters\/zed\/\" target=\"_blank\" rel=\"noreferrer noopener\">https:\/\/www.imetradioremotecontrol.com\/en\/catalogue\/transmitters\/zed\/<\/a><\/p>\n\n\n\n<p>Sur la ZED NJ : <a href=\"https:\/\/www.imetradioremotecontrol.com\/en\/catalogue\/transmitters\/zed-nj\/\" target=\"_blank\" rel=\"noreferrer noopener\">https:\/\/www.imetradioremotecontrol.com\/en\/catalogue\/transmitters\/zed-nj\/<\/a><\/p>\n\n\n\n<p><\/p>\n","protected":false},"excerpt":{"rendered":"<p>Contact : Jos\u00e9 CHAROY (jcharoy@senergy.fr) Radiocommandes adapt\u00e9es \u00e0 tout type de machine. La gamme ZED est la synth\u00e8se des meilleures caract\u00e9ristiques ergonomiques et fonctionnelles. Fiche&hellip;<\/p>\n","protected":false},"author":1,"featured_media":0,"parent":0,"menu_order":0,"comment_status":"closed","ping_status":"closed","template":"","meta":[],"_links":{"self":[{"href":"http:\/\/senergy.fr\/WP\/wp-json\/wp\/v2\/pages\/532"}],"collection":[{"href":"http:\/\/senergy.fr\/WP\/wp-json\/wp\/v2\/pages"}],"about":[{"href":"http:\/\/senergy.fr\/WP\/wp-json\/wp\/v2\/types\/page"}],"author":[{"embeddable":true,"href":"http:\/\/senergy.fr\/WP\/wp-json\/wp\/v2\/users\/1"}],"replies":[{"embeddable":true,"href":"http:\/\/senergy.fr\/WP\/wp-json\/wp\/v2\/comments?post=532"}],"version-history":[{"count":12,"href":"http:\/\/senergy.fr\/WP\/wp-json\/wp\/v2\/pages\/532\/revisions"}],"predecessor-version":[{"id":2380,"href":"http:\/\/senergy.fr\/WP\/wp-json\/wp\/v2\/pages\/532\/revisions\/2380"}],"wp:attachment":[{"href":"http:\/\/senergy.fr\/WP\/wp-json\/wp\/v2\/media?parent=532"}],"curies":[{"name":"wp","href":"https:\/\/api.w.org\/{rel}","templated":true}]}}