{"id":533,"date":"2021-06-01T12:06:03","date_gmt":"2021-06-01T10:06:03","guid":{"rendered":"http:\/\/senergy.fr\/WP\/?page_id=533"},"modified":"2023-03-22T21:58:10","modified_gmt":"2023-03-22T20:58:10","slug":"kron","status":"publish","type":"page","link":"http:\/\/senergy.fr\/WP\/kron\/","title":{"rendered":"KRON"},"content":{"rendered":"\n<p style=\"font-size:16px\">Contact :<strong> Jos\u00e9 CHAROY<\/strong> (<a href=\"mailto:jcharoy@senergy.fr\">jcharoy@senergy.fr<\/a>)<\/p>\n\n\n\n<p style=\"font-size:16px\">Le mod\u00e8le M880 KRON est con\u00e7u pour les grues auxiliaires \u00e0 4 et 5 fonctions.<\/p>\n\n\n\n<div class=\"is-layout-flex wp-container-2 wp-block-columns\">\n<div class=\"is-layout-flow wp-block-column\">\n<figure class=\"wp-block-image size-large is-resized\"><img decoding=\"async\" loading=\"lazy\" src=\"http:\/\/senergy.fr\/WP\/wp-content\/uploads\/2021\/06\/6-1024x512.png\" alt=\"\" class=\"wp-image-1489\" width=\"768\" height=\"384\" srcset=\"http:\/\/senergy.fr\/WP\/wp-content\/uploads\/2021\/06\/6-1024x512.png 1024w, http:\/\/senergy.fr\/WP\/wp-content\/uploads\/2021\/06\/6-300x150.png 300w, http:\/\/senergy.fr\/WP\/wp-content\/uploads\/2021\/06\/6-768x384.png 768w, http:\/\/senergy.fr\/WP\/wp-content\/uploads\/2021\/06\/6-1536x768.png 1536w, http:\/\/senergy.fr\/WP\/wp-content\/uploads\/2021\/06\/6-2048x1024.png 2048w, http:\/\/senergy.fr\/WP\/wp-content\/uploads\/2021\/06\/6-24x12.png 24w, http:\/\/senergy.fr\/WP\/wp-content\/uploads\/2021\/06\/6-36x18.png 36w, http:\/\/senergy.fr\/WP\/wp-content\/uploads\/2021\/06\/6-48x24.png 48w\" sizes=\"(max-width: 768px) 100vw, 768px\" \/><\/figure>\n\n\n\n<p class=\"has-text-align-center\" style=\"font-size:16px\"><img decoding=\"async\" loading=\"lazy\" width=\"75\" height=\"75\" class=\"wp-image-2328\" style=\"width: 32px;\" src=\"http:\/\/senergy.fr\/WP\/wp-content\/uploads\/2023\/03\/logo-pdf.jpg\" alt=\"\" srcset=\"http:\/\/senergy.fr\/WP\/wp-content\/uploads\/2023\/03\/logo-pdf.jpg 75w, http:\/\/senergy.fr\/WP\/wp-content\/uploads\/2023\/03\/logo-pdf-24x24.jpg 24w, http:\/\/senergy.fr\/WP\/wp-content\/uploads\/2023\/03\/logo-pdf-36x36.jpg 36w, http:\/\/senergy.fr\/WP\/wp-content\/uploads\/2023\/03\/logo-pdf-48x48.jpg 48w\" sizes=\"(max-width: 75px) 100vw, 75px\" \/>  Fiche technique : <a rel=\"noreferrer noopener\" href=\"http:\/\/senergy.fr\/WP\/wp-content\/uploads\/2021\/06\/FICHE-PRODUIT-M880-KRON-.pdf\" target=\"_blank\">M880 KRON<\/a><\/p>\n<\/div>\n<\/div>\n\n\n\n<div class=\"wp-block-jetpack-tiled-gallery aligncenter is-style-rectangular\"><div class=\"tiled-gallery__gallery\"><div class=\"tiled-gallery__row\"><div class=\"tiled-gallery__col\" style=\"flex-basis:56.23275%\"><figure class=\"tiled-gallery__item\"><img decoding=\"async\" srcset=\"https:\/\/i0.wp.com\/senergy.fr\/WP\/wp-content\/uploads\/2023\/03\/KRON-1024x796.jpg?strip=info&#038;w=600 600w,https:\/\/i0.wp.com\/senergy.fr\/WP\/wp-content\/uploads\/2023\/03\/KRON-1024x796.jpg?strip=info&#038;w=900 900w,https:\/\/i0.wp.com\/senergy.fr\/WP\/wp-content\/uploads\/2023\/03\/KRON-1024x796.jpg?strip=info&#038;w=1200 1200w,https:\/\/i0.wp.com\/senergy.fr\/WP\/wp-content\/uploads\/2023\/03\/KRON-1024x796.jpg?strip=info&#038;w=1323 1323w\" alt=\"\" data-height=\"1029\" data-id=\"2232\" data-link=\"http:\/\/senergy.fr\/WP\/kron-3\/\" data-url=\"http:\/\/senergy.fr\/WP\/wp-content\/uploads\/2023\/03\/KRON-1024x796.jpg\" data-width=\"1323\" src=\"https:\/\/i0.wp.com\/senergy.fr\/WP\/wp-content\/uploads\/2023\/03\/KRON-1024x796.jpg\" data-amp-layout=\"responsive\"\/><\/figure><\/div><div class=\"tiled-gallery__col\" style=\"flex-basis:43.76725%\"><figure class=\"tiled-gallery__item\"><img decoding=\"async\" srcset=\"https:\/\/i0.wp.com\/senergy.fr\/WP\/wp-content\/uploads\/2023\/03\/KRON_atex-1.jpg?strip=info&#038;w=600 600w,https:\/\/i0.wp.com\/senergy.fr\/WP\/wp-content\/uploads\/2023\/03\/KRON_atex-1.jpg?strip=info&#038;w=885 885w\" alt=\"\" data-height=\"885\" data-id=\"2231\" data-link=\"http:\/\/senergy.fr\/WP\/kron_atex-1\/\" data-url=\"http:\/\/senergy.fr\/WP\/wp-content\/uploads\/2023\/03\/KRON_atex-1.jpg\" data-width=\"885\" src=\"https:\/\/i0.wp.com\/senergy.fr\/WP\/wp-content\/uploads\/2023\/03\/KRON_atex-1.jpg\" data-amp-layout=\"responsive\"\/><\/figure><\/div><\/div><\/div><\/div>\n\n\n\n<p style=\"font-size:14px\">Pour plus d&rsquo;informations : <\/p>\n\n\n\n<p>Pour la KRON : <a href=\"https:\/\/www.imetradioremotecontrol.com\/en\/catalogue\/transmitters\/kron\/\" target=\"_blank\" rel=\"noreferrer noopener\">https:\/\/www.imetradioremotecontrol.com\/en\/catalogue\/transmitters\/kron\/<\/a><\/p>\n\n\n\n<p>Pour la KRON ATEX : <a href=\"https:\/\/www.imetradioremotecontrol.com\/en\/catalogue\/transmitters\/kron-atex\/\" target=\"_blank\" rel=\"noreferrer noopener\">https:\/\/www.imetradioremotecontrol.com\/en\/catalogue\/transmitters\/kron-atex\/<\/a><\/p>\n","protected":false},"excerpt":{"rendered":"<p>Contact : Jos\u00e9 CHAROY (jcharoy@senergy.fr) Le mod\u00e8le M880 KRON est con\u00e7u pour les grues auxiliaires \u00e0 4 et 5 fonctions. Fiche technique : M880 KRON&hellip;<\/p>\n","protected":false},"author":1,"featured_media":0,"parent":0,"menu_order":0,"comment_status":"closed","ping_status":"closed","template":"","meta":[],"_links":{"self":[{"href":"http:\/\/senergy.fr\/WP\/wp-json\/wp\/v2\/pages\/533"}],"collection":[{"href":"http:\/\/senergy.fr\/WP\/wp-json\/wp\/v2\/pages"}],"about":[{"href":"http:\/\/senergy.fr\/WP\/wp-json\/wp\/v2\/types\/page"}],"author":[{"embeddable":true,"href":"http:\/\/senergy.fr\/WP\/wp-json\/wp\/v2\/users\/1"}],"replies":[{"embeddable":true,"href":"http:\/\/senergy.fr\/WP\/wp-json\/wp\/v2\/comments?post=533"}],"version-history":[{"count":11,"href":"http:\/\/senergy.fr\/WP\/wp-json\/wp\/v2\/pages\/533\/revisions"}],"predecessor-version":[{"id":2343,"href":"http:\/\/senergy.fr\/WP\/wp-json\/wp\/v2\/pages\/533\/revisions\/2343"}],"wp:attachment":[{"href":"http:\/\/senergy.fr\/WP\/wp-json\/wp\/v2\/media?parent=533"}],"curies":[{"name":"wp","href":"https:\/\/api.w.org\/{rel}","templated":true}]}}