{"id":534,"date":"2021-06-01T12:06:03","date_gmt":"2021-06-01T10:06:03","guid":{"rendered":"http:\/\/senergy.fr\/WP\/?page_id=534"},"modified":"2023-03-22T22:51:32","modified_gmt":"2023-03-22T21:51:32","slug":"ray","status":"publish","type":"page","link":"http:\/\/senergy.fr\/WP\/ray\/","title":{"rendered":"RAY"},"content":{"rendered":"\n<p style=\"font-size:16px\">Contact :<strong> Jos\u00e9 CHAROY<\/strong> (<a href=\"mailto:jcharoy@senergy.fr\">jcharoy@senergy.fr<\/a>)<\/p>\n\n\n\n<p class=\"has-text-align-justify\" style=\"font-size:14px\">Radiocommandes \u00e0 boutons poussoirs polyvalentes, boutons \u00e0 un cran. Disponible avec ou sans arr\u00eat d&rsquo;urgence.<\/p>\n\n\n\n<div class=\"is-layout-flex wp-container-2 wp-block-columns\">\n<div class=\"is-layout-flow wp-block-column\"><div class=\"wp-block-image\">\n<figure class=\"aligncenter size-large is-resized\"><img decoding=\"async\" loading=\"lazy\" src=\"http:\/\/senergy.fr\/WP\/wp-content\/uploads\/2021\/07\/11-1024x512.png\" alt=\"\" class=\"wp-image-1714\" width=\"768\" height=\"384\" srcset=\"http:\/\/senergy.fr\/WP\/wp-content\/uploads\/2021\/07\/11-1024x512.png 1024w, http:\/\/senergy.fr\/WP\/wp-content\/uploads\/2021\/07\/11-300x150.png 300w, http:\/\/senergy.fr\/WP\/wp-content\/uploads\/2021\/07\/11-768x384.png 768w, http:\/\/senergy.fr\/WP\/wp-content\/uploads\/2021\/07\/11-1536x768.png 1536w, http:\/\/senergy.fr\/WP\/wp-content\/uploads\/2021\/07\/11-2048x1024.png 2048w, http:\/\/senergy.fr\/WP\/wp-content\/uploads\/2021\/07\/11-24x12.png 24w, http:\/\/senergy.fr\/WP\/wp-content\/uploads\/2021\/07\/11-36x18.png 36w, http:\/\/senergy.fr\/WP\/wp-content\/uploads\/2021\/07\/11-48x24.png 48w\" sizes=\"(max-width: 768px) 100vw, 768px\" \/><\/figure><\/div>\n\n\n<p class=\"has-text-align-center\" style=\"font-size:16px\"><img decoding=\"async\" loading=\"lazy\" width=\"75\" height=\"75\" class=\"wp-image-2328\" style=\"width: 32px;\" src=\"http:\/\/senergy.fr\/WP\/wp-content\/uploads\/2023\/03\/logo-pdf.jpg\" alt=\"\" srcset=\"http:\/\/senergy.fr\/WP\/wp-content\/uploads\/2023\/03\/logo-pdf.jpg 75w, http:\/\/senergy.fr\/WP\/wp-content\/uploads\/2023\/03\/logo-pdf-24x24.jpg 24w, http:\/\/senergy.fr\/WP\/wp-content\/uploads\/2023\/03\/logo-pdf-36x36.jpg 36w, http:\/\/senergy.fr\/WP\/wp-content\/uploads\/2023\/03\/logo-pdf-48x48.jpg 48w\" sizes=\"(max-width: 75px) 100vw, 75px\" \/>  Fiche technique : <a rel=\"noreferrer noopener\" href=\"http:\/\/senergy.fr\/WP\/wp-content\/uploads\/2021\/06\/FICHE-PRODUIT-M880-RAY-CP-.pdf\" target=\"_blank\"><strong>M880 RAY CP<\/strong><\/a><\/p>\n\n\n\n<p class=\"has-text-align-center\" style=\"font-size:16px\"><img decoding=\"async\" loading=\"lazy\" width=\"75\" height=\"75\" class=\"wp-image-2328\" style=\"width: 32px;\" src=\"http:\/\/senergy.fr\/WP\/wp-content\/uploads\/2023\/03\/logo-pdf.jpg\" alt=\"\" srcset=\"http:\/\/senergy.fr\/WP\/wp-content\/uploads\/2023\/03\/logo-pdf.jpg 75w, http:\/\/senergy.fr\/WP\/wp-content\/uploads\/2023\/03\/logo-pdf-24x24.jpg 24w, http:\/\/senergy.fr\/WP\/wp-content\/uploads\/2023\/03\/logo-pdf-36x36.jpg 36w, http:\/\/senergy.fr\/WP\/wp-content\/uploads\/2023\/03\/logo-pdf-48x48.jpg 48w\" sizes=\"(max-width: 75px) 100vw, 75px\" \/>  Fiche technique : <a rel=\"noreferrer noopener\" href=\"http:\/\/senergy.fr\/WP\/wp-content\/uploads\/2021\/06\/FICHE-PRODUIT-M880-RAY-EP-.pdf\" target=\"_blank\"><strong>M880 RAY EP<\/strong><\/a><\/p>\n<\/div>\n<\/div>\n\n\n\n<p style=\"font-size:14px\">Pour plus d&rsquo;informations :<\/p>\n\n\n\n<p style=\"font-size:14px\">RAY CP : <a rel=\"noreferrer noopener\" href=\"https:\/\/www.imetradioremotecontrol.com\/en\/catalogue\/transmitters\/ray-cp\/\" target=\"_blank\">https:\/\/www.imetradioremotecontrol.com\/en\/catalogue\/transmitters\/ray-cp\/<\/a><\/p>\n\n\n\n<p style=\"font-size:14px\">RAY EP : <a href=\"https:\/\/www.imetradioremotecontrol.com\/en\/catalogue\/transmitters\/ray-ep\/\" target=\"_blank\" rel=\"noreferrer noopener\">https:\/\/www.imetradioremotecontrol.com\/en\/catalogue\/transmitters\/ray-ep\/<\/a><\/p>\n\n\n\n<p><\/p>\n","protected":false},"excerpt":{"rendered":"<p>Contact : Jos\u00e9 CHAROY (jcharoy@senergy.fr) Radiocommandes \u00e0 boutons poussoirs polyvalentes, boutons \u00e0 un cran. Disponible avec ou sans arr\u00eat d&rsquo;urgence. Fiche technique : M880 RAY&hellip;<\/p>\n","protected":false},"author":1,"featured_media":0,"parent":0,"menu_order":0,"comment_status":"closed","ping_status":"closed","template":"","meta":[],"_links":{"self":[{"href":"http:\/\/senergy.fr\/WP\/wp-json\/wp\/v2\/pages\/534"}],"collection":[{"href":"http:\/\/senergy.fr\/WP\/wp-json\/wp\/v2\/pages"}],"about":[{"href":"http:\/\/senergy.fr\/WP\/wp-json\/wp\/v2\/types\/page"}],"author":[{"embeddable":true,"href":"http:\/\/senergy.fr\/WP\/wp-json\/wp\/v2\/users\/1"}],"replies":[{"embeddable":true,"href":"http:\/\/senergy.fr\/WP\/wp-json\/wp\/v2\/comments?post=534"}],"version-history":[{"count":15,"href":"http:\/\/senergy.fr\/WP\/wp-json\/wp\/v2\/pages\/534\/revisions"}],"predecessor-version":[{"id":2371,"href":"http:\/\/senergy.fr\/WP\/wp-json\/wp\/v2\/pages\/534\/revisions\/2371"}],"wp:attachment":[{"href":"http:\/\/senergy.fr\/WP\/wp-json\/wp\/v2\/media?parent=534"}],"curies":[{"name":"wp","href":"https:\/\/api.w.org\/{rel}","templated":true}]}}