{"id":536,"date":"2021-06-01T12:06:03","date_gmt":"2021-06-01T10:06:03","guid":{"rendered":"http:\/\/senergy.fr\/WP\/?page_id=536"},"modified":"2023-03-22T22:47:33","modified_gmt":"2023-03-22T21:47:33","slug":"modin","status":"publish","type":"page","link":"http:\/\/senergy.fr\/WP\/modin\/","title":{"rendered":"MODIN"},"content":{"rendered":"\n<p style=\"font-size:16px\">Contact :<strong> Jos\u00e9 CHAROY<\/strong> (<a href=\"mailto:jcharoy@senergy.fr\">jcharoy@senergy.fr<\/a>)<\/p>\n\n\n\n<p class=\"has-text-align-justify\" style=\"font-size:14px\">L&rsquo;unit\u00e9 \u00e9mettrice M880 MODIN est con\u00e7ue pour une fixation sur rail DIN. Elle est \u00e9galement \u00e9quip\u00e9e de borniers d&rsquo;entr\u00e9e pour signaux TOR, analogiques et sur bus.<\/p>\n\n\n\n<div class=\"is-layout-flex wp-container-2 wp-block-columns\">\n<div class=\"is-layout-flow wp-block-column\"><div class=\"wp-block-image\">\n<figure class=\"aligncenter size-large\"><img decoding=\"async\" loading=\"lazy\" width=\"1024\" height=\"512\" src=\"http:\/\/senergy.fr\/WP\/wp-content\/uploads\/2021\/06\/9-1024x512.png\" alt=\"\" class=\"wp-image-1492\" srcset=\"http:\/\/senergy.fr\/WP\/wp-content\/uploads\/2021\/06\/9-1024x512.png 1024w, http:\/\/senergy.fr\/WP\/wp-content\/uploads\/2021\/06\/9-300x150.png 300w, http:\/\/senergy.fr\/WP\/wp-content\/uploads\/2021\/06\/9-768x384.png 768w, http:\/\/senergy.fr\/WP\/wp-content\/uploads\/2021\/06\/9-1536x768.png 1536w, http:\/\/senergy.fr\/WP\/wp-content\/uploads\/2021\/06\/9-2048x1024.png 2048w, http:\/\/senergy.fr\/WP\/wp-content\/uploads\/2021\/06\/9-24x12.png 24w, http:\/\/senergy.fr\/WP\/wp-content\/uploads\/2021\/06\/9-36x18.png 36w, http:\/\/senergy.fr\/WP\/wp-content\/uploads\/2021\/06\/9-48x24.png 48w\" sizes=\"(max-width: 1024px) 100vw, 1024px\" \/><\/figure><\/div>\n\n\n<p class=\"has-text-align-center\" style=\"font-size:16px\"><img decoding=\"async\" loading=\"lazy\" width=\"75\" height=\"75\" class=\"wp-image-2328\" style=\"width: 32px;\" src=\"http:\/\/senergy.fr\/WP\/wp-content\/uploads\/2023\/03\/logo-pdf.jpg\" alt=\"\" srcset=\"http:\/\/senergy.fr\/WP\/wp-content\/uploads\/2023\/03\/logo-pdf.jpg 75w, http:\/\/senergy.fr\/WP\/wp-content\/uploads\/2023\/03\/logo-pdf-24x24.jpg 24w, http:\/\/senergy.fr\/WP\/wp-content\/uploads\/2023\/03\/logo-pdf-36x36.jpg 36w, http:\/\/senergy.fr\/WP\/wp-content\/uploads\/2023\/03\/logo-pdf-48x48.jpg 48w\" sizes=\"(max-width: 75px) 100vw, 75px\" \/> Fiche technique : <a rel=\"noreferrer noopener\" href=\"http:\/\/senergy.fr\/WP\/wp-content\/uploads\/2021\/06\/FICHE-PRODUIT-M880-MODIN-.pdf\" target=\"_blank\">M880 MODIN<\/a><\/p>\n<\/div>\n<\/div>\n\n\n\n<p style=\"font-size:14px\">Pour plus d&rsquo;informations : <a href=\"https:\/\/www.imetradioremotecontrol.com\/en\/catalogue\/transmitters\/modin\/\" target=\"_blank\" rel=\"noreferrer noopener\">https:\/\/www.imetradioremotecontrol.com\/en\/catalogue\/transmitters\/modin\/<\/a><\/p>\n\n\n\n<p><\/p>\n","protected":false},"excerpt":{"rendered":"<p>Contact : Jos\u00e9 CHAROY (jcharoy@senergy.fr) L&rsquo;unit\u00e9 \u00e9mettrice M880 MODIN est con\u00e7ue pour une fixation sur rail DIN. Elle est \u00e9galement \u00e9quip\u00e9e de borniers d&rsquo;entr\u00e9e pour&hellip;<\/p>\n","protected":false},"author":1,"featured_media":0,"parent":0,"menu_order":0,"comment_status":"closed","ping_status":"closed","template":"","meta":[],"_links":{"self":[{"href":"http:\/\/senergy.fr\/WP\/wp-json\/wp\/v2\/pages\/536"}],"collection":[{"href":"http:\/\/senergy.fr\/WP\/wp-json\/wp\/v2\/pages"}],"about":[{"href":"http:\/\/senergy.fr\/WP\/wp-json\/wp\/v2\/types\/page"}],"author":[{"embeddable":true,"href":"http:\/\/senergy.fr\/WP\/wp-json\/wp\/v2\/users\/1"}],"replies":[{"embeddable":true,"href":"http:\/\/senergy.fr\/WP\/wp-json\/wp\/v2\/comments?post=536"}],"version-history":[{"count":10,"href":"http:\/\/senergy.fr\/WP\/wp-json\/wp\/v2\/pages\/536\/revisions"}],"predecessor-version":[{"id":2368,"href":"http:\/\/senergy.fr\/WP\/wp-json\/wp\/v2\/pages\/536\/revisions\/2368"}],"wp:attachment":[{"href":"http:\/\/senergy.fr\/WP\/wp-json\/wp\/v2\/media?parent=536"}],"curies":[{"name":"wp","href":"https:\/\/api.w.org\/{rel}","templated":true}]}}