{"id":570,"date":"2021-06-01T12:21:44","date_gmt":"2021-06-01T10:21:44","guid":{"rendered":"http:\/\/senergy.fr\/WP\/?page_id=570"},"modified":"2023-03-20T17:25:09","modified_gmt":"2023-03-20T16:25:09","slug":"autres-treuils","status":"publish","type":"page","link":"http:\/\/senergy.fr\/WP\/autres-treuils\/","title":{"rendered":"Autres treuils"},"content":{"rendered":"\n<p style=\"font-size:17px\">Contact : <strong>David VALLERY<\/strong> (<a href=\"mailto:dvallery@senergy.fr\">dvallery@senergy.fr<\/a>)<\/p>\n\n\n\n<p class=\"has-text-color\" style=\"color:#098628;font-size:16px\"><strong><em>Treuils hydrauliques de halage<\/em><\/strong><\/p>\n\n\n\n<p class=\"has-text-color\" style=\"color:#098628;font-size:16px\"><strong><em>S\u00e9rie T<\/em><\/strong><\/p>\n\n\n<div class=\"wp-block-image\">\n<figure class=\"alignleft is-resized\"><img decoding=\"async\" loading=\"lazy\" src=\"https:\/\/www.dinamicoil.com\/System\/12808\/T_Series_T36_DA_440X440_youtube(3).png\" alt=\"\" width=\"177\" height=\"177\"\/><\/figure><\/div>\n\n\n<table id=\"tablepress-9\" class=\"tablepress tablepress-id-9\">\n<thead>\n<tr class=\"row-1 odd\">\n\t<th class=\"column-1\">Mod\u00e8le<\/th><th class=\"column-2\">Force de levage (daN)<\/th><th class=\"column-3\">Vitesse de levage (m\/min)<\/th><th class=\"column-4\">Fiches techniques<\/th>\n<\/tr>\n<\/thead>\n<tbody class=\"row-hover\">\n<tr class=\"row-2 even\">\n\t<td class=\"column-1\">T27 IN<\/td><td class=\"column-2\">2700<\/td><td class=\"column-3\">12<\/td><td class=\"column-4\"><a href=\"http:\/\/senergy.fr\/WP\/wp-content\/uploads\/2024\/06\/FICHE-COMMERCIALE-THH-T27-IN.pdf\" target=\"new\" rel=\"noopener\">FICHE COMMERCIALE THH T27 IN<\/a><\/td>\n<\/tr>\n<tr class=\"row-3 odd\">\n\t<td class=\"column-1\">T36 IN<\/td><td class=\"column-2\">3600<\/td><td class=\"column-3\">10<\/td><td class=\"column-4\"><a href=\"http:\/\/senergy.fr\/WP\/wp-content\/uploads\/2024\/06\/FICHE-COMMERCIALE-THH-T36-IN.pdf\" target=\"new\" rel=\"noopener\">FICHE COMMERCIALE THH T36 IN<\/a><\/td>\n<\/tr>\n<tr class=\"row-4 even\">\n\t<td class=\"column-1\">T46 IN<\/td><td class=\"column-2\">4600<\/td><td class=\"column-3\">8.5<\/td><td class=\"column-4\"><a href=\"http:\/\/senergy.fr\/WP\/wp-content\/uploads\/2024\/06\/FICHE-COMMERCIALE-THH-T46-IN.pdf\" target=\"new\" rel=\"noopener\">FICHE COMMERCIALE THH T46 IN<\/a><\/td>\n<\/tr>\n<tr class=\"row-5 odd\">\n\t<td class=\"column-1\">T60<\/td><td class=\"column-2\">6000<\/td><td class=\"column-3\">6.5<\/td><td class=\"column-4\"><a href=\"http:\/\/senergy.fr\/WP\/wp-content\/uploads\/2024\/06\/FICHE-COMMERCIALE-THH-T60.pdf\" target=\"new\" rel=\"noopener\">FICHE COMMERCIALE THH T60<\/a><\/td>\n<\/tr>\n<tr class=\"row-6 even\">\n\t<td class=\"column-1\">T100<\/td><td class=\"column-2\">10 000<\/td><td class=\"column-3\">8<\/td><td class=\"column-4\"><a href=\"http:\/\/senergy.fr\/WP\/wp-content\/uploads\/2024\/06\/FICHE-COMMERCIALE-THH-T100.pdf\" target=\"new\" rel=\"noopener\">FICHE COMMERCIALE THH T100<\/a><\/td>\n<\/tr>\n<tr class=\"row-7 odd\">\n\t<td class=\"column-1\">T200<\/td><td class=\"column-2\">20 000<\/td><td class=\"column-3\">5<\/td><td class=\"column-4\"><a href=\"http:\/\/senergy.fr\/WP\/wp-content\/uploads\/2024\/06\/FICHE-COMMERCIALE-THH-T200.pdf\" target=\"new\" rel=\"noopener\">FICHE COMMERCIALE THH T200<\/a><\/td>\n<\/tr>\n<tr class=\"row-8 even\">\n\t<td class=\"column-1\">T300<\/td><td class=\"column-2\">30 000<\/td><td class=\"column-3\">4.5<\/td><td class=\"column-4\"><a href=\"http:\/\/senergy.fr\/WP\/wp-content\/uploads\/2024\/06\/FICHE-COMMERCIALE-THH-T300.pdf\" target=\"new\" rel=\"noopener\">FICHE COMMERCIALE THH T300<\/a><\/td>\n<\/tr>\n<\/tbody>\n<\/table>\n<!-- #tablepress-9 from cache -->\n\n\n\n<p><\/p>\n\n\n\n<p><\/p>\n\n\n<div class=\"wp-block-image\">\n<figure class=\"alignleft is-resized\"><img decoding=\"async\" loading=\"lazy\" src=\"https:\/\/www.dinamicoil.com\/System\/12805\/Hoisting_Winch_440X440_yuotube(3).png\" alt=\"\" width=\"183\" height=\"183\"\/><\/figure><\/div>\n\n\n<p class=\"has-text-color\" style=\"color:#098628;font-size:16px\"><strong><em>Treuils \u00e9lectriques pour grue \u00e0 tour<\/em><\/strong><\/p>\n\n\n\n<p style=\"font-size:14px\">Cette gamme pr\u00e9sente quelques exemples de treuils \u00e0 entra\u00eenement \u00e9lectrique con\u00e7us pour des applications de grues \u00e0 tour.<\/p>\n\n\n\n<p style=\"font-size:14px\">Chaque entra\u00eenement de levage ou de traction est d\u00e9velopp\u00e9 selon les sp\u00e9cifications du client. La s\u00e9rie se caract\u00e9rise par des performances \u00e9lev\u00e9es par rapport \u00e0 des dimensions compactes.<\/p>\n","protected":false},"excerpt":{"rendered":"<p>Contact : David VALLERY (dvallery@senergy.fr) Treuils hydrauliques de halage S\u00e9rie T Treuils \u00e9lectriques pour grue \u00e0 tour Cette gamme pr\u00e9sente quelques exemples de treuils \u00e0&hellip;<\/p>\n","protected":false},"author":1,"featured_media":0,"parent":0,"menu_order":0,"comment_status":"closed","ping_status":"closed","template":"","meta":[],"_links":{"self":[{"href":"http:\/\/senergy.fr\/WP\/wp-json\/wp\/v2\/pages\/570"}],"collection":[{"href":"http:\/\/senergy.fr\/WP\/wp-json\/wp\/v2\/pages"}],"about":[{"href":"http:\/\/senergy.fr\/WP\/wp-json\/wp\/v2\/types\/page"}],"author":[{"embeddable":true,"href":"http:\/\/senergy.fr\/WP\/wp-json\/wp\/v2\/users\/1"}],"replies":[{"embeddable":true,"href":"http:\/\/senergy.fr\/WP\/wp-json\/wp\/v2\/comments?post=570"}],"version-history":[{"count":11,"href":"http:\/\/senergy.fr\/WP\/wp-json\/wp\/v2\/pages\/570\/revisions"}],"predecessor-version":[{"id":2147,"href":"http:\/\/senergy.fr\/WP\/wp-json\/wp\/v2\/pages\/570\/revisions\/2147"}],"wp:attachment":[{"href":"http:\/\/senergy.fr\/WP\/wp-json\/wp\/v2\/media?parent=570"}],"curies":[{"name":"wp","href":"https:\/\/api.w.org\/{rel}","templated":true}]}}