{"id":8,"date":"2020-04-23T11:30:05","date_gmt":"2020-04-23T09:30:05","guid":{"rendered":"http:\/\/senergy.fr\/WP\/?page_id=8"},"modified":"2023-03-20T16:42:35","modified_gmt":"2023-03-20T15:42:35","slug":"accueil","status":"publish","type":"page","link":"http:\/\/senergy.fr\/WP\/","title":{"rendered":""},"content":{"rendered":"\n<p class=\"has-text-align-center\" style=\"font-size:16px\"><strong>Depuis plus de 30 ans, Senergy met \u00e0 votre service son savoir-faire et son exp\u00e9rience dans des domaines vari\u00e9s tels que la manutention, le levage, les machines mobiles et bien d&rsquo;autres.<\/strong><\/p>\n\n\n\n\n\n\n<p><\/p>\n\n\n\n<p><\/p>\n\n\n\n<p style=\"font-size:16px\"><strong>Retrouvez nos diff\u00e9rentes marques <\/strong>:<\/p>\n\n\n\n<div class=\"is-layout-flex wp-container-2 wp-block-columns are-vertically-aligned-center\">\n<div class=\"is-layout-flow wp-block-column is-vertically-aligned-center\" style=\"flex-basis:100%\">\n<div class=\"wp-block-jetpack-slideshow aligncenter\" data-autoplay=\"true\" data-delay=\"2\" data-effect=\"slide\"><div class=\"wp-block-jetpack-slideshow_container swiper-container\"><ul class=\"wp-block-jetpack-slideshow_swiper-wrapper swiper-wrapper\"><li class=\"wp-block-jetpack-slideshow_slide swiper-slide\"><figure><img decoding=\"async\" loading=\"lazy\" width=\"200\" height=\"200\" alt=\"\" class=\"wp-block-jetpack-slideshow_image wp-image-365\" data-id=\"365\" src=\"http:\/\/senergy.fr\/WP\/wp-content\/uploads\/2021\/05\/IMET-logo.png\" srcset=\"http:\/\/senergy.fr\/WP\/wp-content\/uploads\/2021\/05\/IMET-logo.png 200w, http:\/\/senergy.fr\/WP\/wp-content\/uploads\/2021\/05\/IMET-logo-150x150.png 150w\" sizes=\"(max-width: 200px) 100vw, 200px\" \/><figcaption class=\"wp-block-jetpack-slideshow_caption gallery-caption\">Radiocommandes<\/figcaption><\/figure><\/li><li class=\"wp-block-jetpack-slideshow_slide swiper-slide\"><figure><img decoding=\"async\" loading=\"lazy\" width=\"300\" height=\"67\" alt=\"\" class=\"wp-block-jetpack-slideshow_image wp-image-285\" data-id=\"285\" src=\"http:\/\/senergy.fr\/WP\/wp-content\/uploads\/2021\/05\/image-300x67.png\"\/><figcaption class=\"wp-block-jetpack-slideshow_caption gallery-caption\">Treuils et r\u00e9ducteurs<\/figcaption><\/figure><\/li><li class=\"wp-block-jetpack-slideshow_slide swiper-slide\"><figure><img decoding=\"async\" loading=\"lazy\" width=\"256\" height=\"127\" alt=\"\" class=\"wp-block-jetpack-slideshow_image wp-image-1893\" data-id=\"1893\" src=\"http:\/\/senergy.fr\/WP\/wp-content\/uploads\/2021\/07\/bpe-logo-1.jpg\" srcset=\"http:\/\/senergy.fr\/WP\/wp-content\/uploads\/2021\/07\/bpe-logo-1.jpg 256w, http:\/\/senergy.fr\/WP\/wp-content\/uploads\/2021\/07\/bpe-logo-1-24x12.jpg 24w, http:\/\/senergy.fr\/WP\/wp-content\/uploads\/2021\/07\/bpe-logo-1-36x18.jpg 36w, http:\/\/senergy.fr\/WP\/wp-content\/uploads\/2021\/07\/bpe-logo-1-48x24.jpg 48w\" sizes=\"(max-width: 256px) 100vw, 256px\" \/><figcaption class=\"wp-block-jetpack-slideshow_caption gallery-caption\">Capteurs et cartes \u00e9lectroniques<\/figcaption><\/figure><\/li><li class=\"wp-block-jetpack-slideshow_slide swiper-slide\"><figure><img decoding=\"async\" loading=\"lazy\" width=\"202\" height=\"207\" alt=\"\" class=\"wp-block-jetpack-slideshow_image wp-image-520\" data-id=\"520\" src=\"http:\/\/senergy.fr\/WP\/wp-content\/uploads\/2021\/05\/cropped-Logo-1.png\"\/><figcaption class=\"wp-block-jetpack-slideshow_caption gallery-caption\">Mat\u00e9riel secteur levage et manutention<\/figcaption><\/figure><\/li><li class=\"wp-block-jetpack-slideshow_slide swiper-slide\"><figure><img decoding=\"async\" loading=\"lazy\" width=\"300\" height=\"95\" alt=\"\" class=\"wp-block-jetpack-slideshow_image wp-image-368\" data-id=\"368\" src=\"http:\/\/senergy.fr\/WP\/wp-content\/uploads\/2021\/05\/oesse-1-300x95.jpg\"\/><figcaption class=\"wp-block-jetpack-slideshow_caption gallery-caption\">Echangeurs, refroidisseurs<\/figcaption><\/figure><\/li><li class=\"wp-block-jetpack-slideshow_slide swiper-slide\"><figure><img decoding=\"async\" loading=\"lazy\" width=\"150\" height=\"25\" alt=\"\" class=\"wp-block-jetpack-slideshow_image wp-image-372\" data-id=\"372\" src=\"http:\/\/senergy.fr\/WP\/wp-content\/uploads\/2021\/05\/logo-sistematica-e1624435073869.png\"\/><figcaption class=\"wp-block-jetpack-slideshow_caption gallery-caption\">Radiocommandes<\/figcaption><\/figure><\/li><li class=\"wp-block-jetpack-slideshow_slide swiper-slide\"><figure><img decoding=\"async\" loading=\"lazy\" width=\"300\" height=\"300\" alt=\"\" class=\"wp-block-jetpack-slideshow_image wp-image-417\" data-id=\"417\" src=\"http:\/\/senergy.fr\/WP\/wp-content\/uploads\/2021\/05\/DEMAC-SRL-1x1-1-300x300.jpg\"\/><figcaption class=\"wp-block-jetpack-slideshow_caption gallery-caption\">Enrouleurs hydrauliques et \u00e9lectriques<\/figcaption><\/figure><\/li><\/ul><a class=\"wp-block-jetpack-slideshow_button-prev swiper-button-prev swiper-button-white\" role=\"button\"><\/a><a class=\"wp-block-jetpack-slideshow_button-next swiper-button-next swiper-button-white\" role=\"button\"><\/a><a aria-label=\"Pause Slideshow\" class=\"wp-block-jetpack-slideshow_button-pause\" role=\"button\"><\/a><div class=\"wp-block-jetpack-slideshow_pagination swiper-pagination swiper-pagination-white\"><\/div><\/div><\/div>\n<\/div>\n<\/div>\n","protected":false},"excerpt":{"rendered":"<p>Depuis plus de 30 ans, Senergy met \u00e0 votre service son savoir-faire et son exp\u00e9rience dans des domaines vari\u00e9s tels que la manutention, le levage,&hellip;<\/p>\n","protected":false},"author":1,"featured_media":0,"parent":0,"menu_order":0,"comment_status":"closed","ping_status":"closed","template":"","meta":[],"_links":{"self":[{"href":"http:\/\/senergy.fr\/WP\/wp-json\/wp\/v2\/pages\/8"}],"collection":[{"href":"http:\/\/senergy.fr\/WP\/wp-json\/wp\/v2\/pages"}],"about":[{"href":"http:\/\/senergy.fr\/WP\/wp-json\/wp\/v2\/types\/page"}],"author":[{"embeddable":true,"href":"http:\/\/senergy.fr\/WP\/wp-json\/wp\/v2\/users\/1"}],"replies":[{"embeddable":true,"href":"http:\/\/senergy.fr\/WP\/wp-json\/wp\/v2\/comments?post=8"}],"version-history":[{"count":47,"href":"http:\/\/senergy.fr\/WP\/wp-json\/wp\/v2\/pages\/8\/revisions"}],"predecessor-version":[{"id":2135,"href":"http:\/\/senergy.fr\/WP\/wp-json\/wp\/v2\/pages\/8\/revisions\/2135"}],"wp:attachment":[{"href":"http:\/\/senergy.fr\/WP\/wp-json\/wp\/v2\/media?parent=8"}],"curies":[{"name":"wp","href":"https:\/\/api.w.org\/{rel}","templated":true}]}}